{"id":25493,"date":"2020-04-30T11:12:41","date_gmt":"2020-04-30T11:12:41","guid":{"rendered":"https:\/\/eventmultiverse.com\/talebiniz-mi-var\/"},"modified":"2025-08-06T11:26:31","modified_gmt":"2025-08-06T11:26:31","slug":"iletisim","status":"publish","type":"page","link":"https:\/\/eventmultiverse.com\/tr\/iletisim\/","title":{"rendered":"\u0130leti\u015fim"},"content":{"rendered":"\t\t<div data-elementor-type=\"wp-page\" data-elementor-id=\"25493\" class=\"elementor elementor-25493 elementor-1453\" data-elementor-post-type=\"page\">\n\t\t\t\t\t\t<section class=\"elementor-section elementor-top-section elementor-element elementor-element-fdd8feb elementor-section-boxed elementor-section-height-default elementor-section-height-default sc_fly_static\" data-id=\"fdd8feb\" data-element_type=\"section\" data-e-type=\"section\">\n\t\t\t\t\t\t\t<div class=\"elementor-background-overlay\"><\/div>\n\t\t\t\t\t\t\t<div class=\"elementor-container elementor-column-gap-extended\">\n\t\t\t\t\t<div class=\"elementor-column elementor-col-100 elementor-top-column elementor-element elementor-element-53b5916f sc_content_align_inherit sc_layouts_column_icons_position_left sc_fly_static\" data-id=\"53b5916f\" data-element_type=\"column\" data-e-type=\"column\">\n\t\t\t<div class=\"elementor-widget-wrap elementor-element-populated\">\n\t\t\t\t\t\t<div class=\"elementor-element elementor-element-c1bba76 sc_height_huge sc_fly_static elementor-widget elementor-widget-spacer\" data-id=\"c1bba76\" data-element_type=\"widget\" data-e-type=\"widget\" data-widget_type=\"spacer.default\">\n\t\t\t\t\t\t\t<div class=\"elementor-spacer\">\n\t\t\t<div class=\"elementor-spacer-inner\"><\/div>\n\t\t<\/div>\n\t\t\t\t\t\t<\/div>\n\t\t\t\t\t<\/div>\n\t\t<\/div>\n\t\t\t\t\t<\/div>\n\t\t<\/section>\n\t\t\t\t<section class=\"elementor-section elementor-top-section elementor-element elementor-element-e0c3a41 elementor-section-boxed elementor-section-height-default elementor-section-height-default sc_fly_static\" data-id=\"e0c3a41\" data-element_type=\"section\" data-e-type=\"section\">\n\t\t\t\t\t\t<div class=\"elementor-container elementor-column-gap-extended\">\n\t\t\t\t\t<div class=\"elementor-column elementor-col-50 elementor-top-column elementor-element elementor-element-a474504 sc_content_align_inherit sc_layouts_column_icons_position_left sc_fly_static\" data-id=\"a474504\" data-element_type=\"column\" data-e-type=\"column\">\n\t\t\t<div class=\"elementor-widget-wrap elementor-element-populated\">\n\t\t\t\t\t\t<div class=\"elementor-element elementor-element-19ebe6b8 sc_fly_static elementor-widget elementor-widget-trx_sc_title\" data-id=\"19ebe6b8\" data-element_type=\"widget\" data-e-type=\"widget\" data-widget_type=\"trx_sc_title.default\">\n\t\t\t\t<div class=\"elementor-widget-container\">\n\t\t\t\t\t<div\t\tclass=\"sc_title sc_title_default\" ><span class=\"sc_item_subtitle sc_title_subtitle sc_item_subtitle_above sc_item_title_style_default\">Talebiniz mi var?<\/span><h4 class=\"sc_item_title sc_title_title sc_item_title_style_default sc_item_title_tag\"\n\t\t\t><span class=\"sc_item_title_text\">Yoksa sadece fikir almak m\u0131 istiyorsunuz? Farketmez, \u00e7ekinmeden ileti\u015fime ge\u00e7in.<\/span><\/h4><\/div>\t\t\t\t<\/div>\n\t\t\t\t<\/div>\n\t\t\t\t<div class=\"elementor-element elementor-element-25e15640 sc_fly_static elementor-widget elementor-widget-spacer\" data-id=\"25e15640\" data-element_type=\"widget\" data-e-type=\"widget\" data-widget_type=\"spacer.default\">\n\t\t\t\t\t\t\t<div class=\"elementor-spacer\">\n\t\t\t<div class=\"elementor-spacer-inner\"><\/div>\n\t\t<\/div>\n\t\t\t\t\t\t<\/div>\n\t\t\t\t<div class=\"elementor-element elementor-element-1c5404f sc_fly_static elementor-widget elementor-widget-trx_sc_icons\" data-id=\"1c5404f\" data-element_type=\"widget\" data-e-type=\"widget\" data-widget_type=\"trx_sc_icons.default\">\n\t\t\t\t<div class=\"elementor-widget-container\">\n\t\t\t\t\t<div \tclass=\"sc_icons sc_icons_simple sc_icons_size_small sc_align_none\" ><div class=\"sc_icons_item with_more\"><div class=\"sc_icons_icon sc_icon_type_ icon-marker\" ><span class=\"sc_icon_type_ icon-marker\"><\/span><\/div><div class=\"sc_icons_item_details\"><div class=\"sc_icons_item_description\"><span>Fener Mahallesi 1970. Sokak No:21\/3<\/span><span><\/span><span>Muratpa\u015fa\u00a0\/\u00a0Antalya, Turkey<\/span><\/div><\/div><\/div><div class=\"sc_icons_item sc_icons_item_linked with_more\"><div class=\"sc_icons_icon sc_icon_type_ icon-whatsapp\" ><span class=\"sc_icon_type_ icon-whatsapp\"><\/span><\/div><div class=\"sc_icons_item_details\"><a href=\"https:\/\/wa.me\/905421535282\" class=\"sc_icons_item_more_link\" target=\"_blank\" rel=\"noopener\">\n                        <span class=\"link_text\">+90 542 153 5282<\/span><span class=\"link_icon\"><\/span>\n                        <\/a><a href=\"https:\/\/wa.me\/905421535282\" class=\"sc_icons_item_link\" target=\"_blank\" rel=\"noopener\">\n                        <\/a><\/div><\/div><div class=\"sc_icons_item sc_icons_item_linked\"><div class=\"sc_icons_icon sc_icon_type_ icon-envelope-2\" ><span class=\"sc_icon_type_ icon-envelope-2\"><\/span><\/div><div class=\"sc_icons_item_details\"><div class=\"sc_icons_item_description\"><span>enter@eventmultiverse.com<\/span><\/div><a href=\"mailto:enter@eventmultiverse.com\"\n                        class=\"sc_icons_item_link\">\n                        <\/a><\/div><\/div><\/div><!-- \/.sc_icons -->\t\t\t\t<\/div>\n\t\t\t\t<\/div>\n\t\t\t\t<div class=\"elementor-element elementor-element-8d1dfb8 sc_fly_static elementor-widget elementor-widget-text-editor\" data-id=\"8d1dfb8\" data-element_type=\"widget\" data-e-type=\"widget\" data-widget_type=\"text-editor.default\">\n\t\t\t\t\t\t\t\t\t<p>Ba\u015fta Antalya olmak \u00fczere \u0130stanbul, Bodrum, \u0130zmir ve Kapadokya ve t\u00fcm T\u00fcrkiye\u2019nin \u00f6nemli etkinlik destinasyonlar\u0131nda sizinleyiz..<\/p><p><span style=\"font-weight: 400;\"> Nerede olursan\u0131z olun, ba\u011flant\u0131 kural\u0131m ve unutulmaz bir \u015fey yaratal\u0131m.<\/span><span style=\"font-weight: 400;\"><br><\/span><span style=\"font-weight: 400;\"> \u0130ster bir teklif talebiniz olsun ister kendi yapaca\u011f\u0131n\u0131z bir organizasyonda fikir al\u0131\u015fveri\u015fi yapmak isteyin, farketmez.<br>Event Multiverse\u2019de t\u00fcm kap\u0131lar sizlere a\u00e7\u0131kt\u0131r.<\/span><\/p>\t\t\t\t\t\t\t\t<\/div>\n\t\t\t\t\t<\/div>\n\t\t<\/div>\n\t\t\t\t<div class=\"elementor-column elementor-col-50 elementor-top-column elementor-element elementor-element-213f3c52 sc_content_align_inherit sc_layouts_column_icons_position_left sc_fly_static\" data-id=\"213f3c52\" data-element_type=\"column\" data-e-type=\"column\">\n\t\t\t<div class=\"elementor-widget-wrap elementor-element-populated\">\n\t\t\t\t\t\t<div class=\"elementor-element elementor-element-4fc62fe5 sc_fly_static elementor-widget elementor-widget-spacer\" data-id=\"4fc62fe5\" data-element_type=\"widget\" data-e-type=\"widget\" data-widget_type=\"spacer.default\">\n\t\t\t\t\t\t\t<div class=\"elementor-spacer\">\n\t\t\t<div class=\"elementor-spacer-inner\"><\/div>\n\t\t<\/div>\n\t\t\t\t\t\t<\/div>\n\t\t\t\t<div class=\"elementor-element elementor-element-19153691 sc_fly_static elementor-widget elementor-widget-trx_sc_contact_form_7\" data-id=\"19153691\" data-element_type=\"widget\" data-e-type=\"widget\" data-widget_type=\"trx_sc_contact_form_7.default\">\n\t\t\t\t<div class=\"elementor-widget-container\">\n\t\t\t\t\t\n<div class=\"wpcf7 no-js\" id=\"wpcf7-f25522-o1\" lang=\"en-US\" dir=\"ltr\" data-wpcf7-id=\"25522\">\n<div class=\"screen-reader-response\"><p role=\"status\" aria-live=\"polite\" aria-atomic=\"true\"><\/p> <ul><\/ul><\/div>\n<form action=\"\/tr\/wp-json\/wp\/v2\/pages\/25493#wpcf7-f25522-o1\" method=\"post\" class=\"wpcf7-form init\" aria-label=\"Contact form\" novalidate=\"novalidate\" data-status=\"init\">\n<fieldset class=\"hidden-fields-container\"><input type=\"hidden\" name=\"_wpcf7\" value=\"25522\" \/><input type=\"hidden\" name=\"_wpcf7_version\" value=\"6.1.5\" \/><input type=\"hidden\" name=\"_wpcf7_locale\" value=\"en_US\" \/><input type=\"hidden\" name=\"_wpcf7_unit_tag\" value=\"wpcf7-f25522-o1\" \/><input type=\"hidden\" name=\"_wpcf7_container_post\" value=\"0\" \/><input type=\"hidden\" name=\"_wpcf7_posted_data_hash\" value=\"\" \/>\n<\/fieldset>\n<style>.wpcf7-list-item{display:inline-flex;align-items:center;gap:6px;}.wpcf7-list-item+a{vertical-align:middle;}\n<\/style>\n<div class=\"form-style-1\">\n\t<div class=\"columns_wrap\">\n\t\t<div class=\"column-1_2\">\n\t\t\t<p><span class=\"style-line icon-name\"><span class=\"wpcf7-form-control-wrap\" data-name=\"your-name\"><input size=\"40\" maxlength=\"400\" class=\"wpcf7-form-control wpcf7-text wpcf7-validates-as-required\" aria-required=\"true\" aria-invalid=\"false\" placeholder=\"Ad\u0131n\u0131z\" value=\"\" type=\"text\" name=\"your-name\" \/><\/span><\/span>\n\t\t\t<\/p>\n\t\t<\/div>\n\t\t<div class=\"column-1_2\">\n\t\t\t<p><span class=\"style-line icon-email\"><span class=\"wpcf7-form-control-wrap\" data-name=\"your-email\"><input size=\"40\" maxlength=\"400\" class=\"wpcf7-form-control wpcf7-email wpcf7-validates-as-required wpcf7-text wpcf7-validates-as-email\" aria-required=\"true\" aria-invalid=\"false\" placeholder=\"E-posta Adresiniz\" value=\"\" type=\"email\" name=\"your-email\" \/><\/span><\/span>\n\t\t\t<\/p>\n\t\t<\/div>\n\t<\/div>\n\t<div class=\"columns_wrap\">\n\t\t<div class=\"column-1_2\">\n\t\t\t<p><span class=\"style-line icon-phone\"><span class=\"wpcf7-form-control-wrap\" data-name=\"phone\"><input size=\"40\" maxlength=\"400\" class=\"wpcf7-form-control wpcf7-tel wpcf7-validates-as-required wpcf7-text wpcf7-validates-as-tel\" aria-required=\"true\" aria-invalid=\"false\" placeholder=\"Telefon\" value=\"\" type=\"tel\" name=\"phone\" \/><\/span><\/span>\n\t\t\t<\/p>\n\t\t<\/div>\n\t\t<div class=\"column-1_2\">\n\t\t\t<p><span class=\"style-line icon-subject\"><span class=\"wpcf7-form-control-wrap\" data-name=\"subject\"><input size=\"40\" maxlength=\"400\" class=\"wpcf7-form-control wpcf7-text wpcf7-validates-as-required\" aria-required=\"true\" aria-invalid=\"false\" placeholder=\"Konu\" value=\"\" type=\"text\" name=\"subject\" \/><\/span><\/span>\n\t\t\t<\/p>\n\t\t<\/div>\n\t<\/div>\n\t<div class=\"columns_wrap margin-bottom\">\n\t\t<div class=\"column-1_1\">\n\t\t\t<p><span class=\"style-line icon-textarea\"><span class=\"wpcf7-form-control-wrap\" data-name=\"your-message\"><textarea cols=\"40\" rows=\"10\" maxlength=\"2000\" class=\"wpcf7-form-control wpcf7-textarea wpcf7-validates-as-required\" aria-required=\"true\" aria-invalid=\"false\" placeholder=\"Size nas\u0131l yard\u0131mc\u0131 olabiliriz? L\u00fctfen bizimle ileti\u015fime ge\u00e7in!\" name=\"your-message\"><\/textarea><\/span><\/span>\n\t\t\t<\/p>\n\t\t<\/div>\n\t<\/div>\n\t<p><a href=\"https:\/\/eventmultiverse.com\/tr\/gizlilik-politikasi\/\" target=\"_blank\">Gizlilik Politikas\u0131<\/a>'n\u0131 okudum ve kabul ediyorum. <span class=\"wpcf7-form-control-wrap\" data-name=\"privacy-check\"><span class=\"wpcf7-form-control wpcf7-checkbox wpcf7-validates-as-required\"><span class=\"wpcf7-list-item first last\"><label><input type=\"checkbox\" name=\"privacy-check[]\" value=\"\u2713\" \/><span class=\"wpcf7-list-item-label\">\u2713<\/span><\/label><\/span><\/span><\/span><br \/>\n<input class=\"wpcf7-form-control wpcf7-submit has-spinner\" type=\"submit\" value=\"G\u00f6nder\" \/>\n\t<\/p>\n<\/div><div class=\"wpcf7-response-output\" aria-hidden=\"true\"><\/div>\n<\/form>\n<\/div>\n\t\t\t\t<\/div>\n\t\t\t\t<\/div>\n\t\t\t\t\t<\/div>\n\t\t<\/div>\n\t\t\t\t\t<\/div>\n\t\t<\/section>\n\t\t\t\t<\/div>\n\t\t","protected":false},"excerpt":{"rendered":"<p>Talebiniz mi var? Yoksa sadece fikir almak m\u0131 istiyorsunuz? Farketmez, \u00e7ekinmeden ileti\u015fime ge\u00e7in. Fener Mahallesi 1970. Sokak No:21\/3Muratpa\u015fa\u00a0\/\u00a0Antalya, Turkey +90 542 153 5282 enter@eventmultiverse.com Ba\u015fta Antalya olmak \u00fczere \u0130stanbul, Bodrum,&hellip;<\/p>\n","protected":false},"author":3,"featured_media":0,"parent":0,"menu_order":0,"comment_status":"closed","ping_status":"closed","template":"","meta":{"footnotes":""},"class_list":["post-25493","page","type-page","status-publish","hentry"],"_links":{"self":[{"href":"https:\/\/eventmultiverse.com\/tr\/wp-json\/wp\/v2\/pages\/25493","targetHints":{"allow":["GET"]}}],"collection":[{"href":"https:\/\/eventmultiverse.com\/tr\/wp-json\/wp\/v2\/pages"}],"about":[{"href":"https:\/\/eventmultiverse.com\/tr\/wp-json\/wp\/v2\/types\/page"}],"author":[{"embeddable":true,"href":"https:\/\/eventmultiverse.com\/tr\/wp-json\/wp\/v2\/users\/3"}],"replies":[{"embeddable":true,"href":"https:\/\/eventmultiverse.com\/tr\/wp-json\/wp\/v2\/comments?post=25493"}],"version-history":[{"count":11,"href":"https:\/\/eventmultiverse.com\/tr\/wp-json\/wp\/v2\/pages\/25493\/revisions"}],"predecessor-version":[{"id":25668,"href":"https:\/\/eventmultiverse.com\/tr\/wp-json\/wp\/v2\/pages\/25493\/revisions\/25668"}],"wp:attachment":[{"href":"https:\/\/eventmultiverse.com\/tr\/wp-json\/wp\/v2\/media?parent=25493"}],"curies":[{"name":"wp","href":"https:\/\/api.w.org\/{rel}","templated":true}]}}