{"id":25482,"date":"2020-05-26T14:26:50","date_gmt":"2020-05-26T14:26:50","guid":{"rendered":"https:\/\/eventmultiverse.com\/hakkimizda\/"},"modified":"2025-08-06T11:26:02","modified_gmt":"2025-08-06T11:26:02","slug":"hakkimizda","status":"publish","type":"page","link":"https:\/\/eventmultiverse.com\/tr\/hakkimizda\/","title":{"rendered":"Hakk\u0131m\u0131zda"},"content":{"rendered":"\t\t<div data-elementor-type=\"wp-page\" data-elementor-id=\"25482\" class=\"elementor elementor-25482 elementor-3786\" data-elementor-post-type=\"page\">\n\t\t\t\t\t\t<section class=\"elementor-section elementor-top-section elementor-element elementor-element-8fa859f elementor-section-boxed elementor-section-height-default elementor-section-height-default sc_fly_static\" data-id=\"8fa859f\" data-element_type=\"section\" data-e-type=\"section\">\n\t\t\t\t\t\t<div class=\"elementor-container elementor-column-gap-extended\">\n\t\t\t\t\t<div class=\"elementor-column elementor-col-100 elementor-top-column elementor-element elementor-element-76c9edf sc_content_align_inherit sc_layouts_column_icons_position_left sc_fly_static\" data-id=\"76c9edf\" data-element_type=\"column\" data-e-type=\"column\">\n\t\t\t<div class=\"elementor-widget-wrap elementor-element-populated\">\n\t\t\t\t\t\t<div class=\"elementor-element elementor-element-0b98ea0 sc_fly_static elementor-widget elementor-widget-trx_sc_title\" data-id=\"0b98ea0\" data-element_type=\"widget\" data-e-type=\"widget\" data-widget_type=\"trx_sc_title.default\">\n\t\t\t\t<div class=\"elementor-widget-container\">\n\t\t\t\t\t<div\t\tclass=\"sc_title sc_title_default\" ><span class=\"sc_item_subtitle sc_title_subtitle sc_item_subtitle_above sc_item_title_style_default\">Biz Kimiz?<\/span><h1 class=\"sc_item_title sc_title_title sc_item_title_style_default sc_item_title_tag\"\n\t\t\t><span class=\"sc_item_title_text\">PEK\u0130 NEDEN FARKLIYIZ? <\/span><\/h1><div class=\"sc_item_descr sc_title_descr\"><p>Herkes farkl\u0131 oldu\u011funu iddia eder do\u011fal olarak ama k\u0131sa vadeli hedeflerden dolay\u0131 ayn\u0131 yollar\u0131 kullanarak ayn\u0131 sonuca ula\u015f\u0131rlar. Biz buna kar\u015f\u0131 tez olarak buraday\u0131z! <\/p>\n<\/div><\/div>\t\t\t\t<\/div>\n\t\t\t\t<\/div>\n\t\t\t\t<div class=\"elementor-element elementor-element-095f403 sc_fly_static elementor-widget elementor-widget-html\" data-id=\"095f403\" data-element_type=\"widget\" data-e-type=\"widget\" data-widget_type=\"html.default\">\n\t\t\t\t\t<!DOCTYPE html><html lang=\"en\"><head><meta charset=\"UTF-8\" \/><meta name=\"viewport\" content=\"width=device-width, initial-scale=1.0\"\/><title>Event Multiverse Carousel<\/title><!-- Swiper CSS --><link rel=\"stylesheet\" href=\"https:\/\/cdn.jsdelivr.net\/npm\/swiper@11\/swiper-bundle.min.css\"\/><link rel=\"stylesheet\" href=\"https:\/\/cdnjs.cloudflare.com\/ajax\/libs\/font-awesome\/6.4.0\/css\/all.min.css\"\/><style>body {\r\n      margin: 0;\r\n      background: radial-gradient(ellipse at center, #1a082f 0%, #12061d 100%);\r\n      font-family: 'Segoe UI', sans-serif;\r\n      color: #fff;\r\n    }\r\n\r\n    section {\r\n      padding: 4rem 1rem;\r\n    }\r\n\r\n    .swiper {\r\n      max-width: 1440px;\r\n      margin: 2rem auto;\r\n      padding: 0 20px;\r\n      position: relative;\r\n    }\r\n\r\n    .swiper-wrapper {\r\n      display: flex;\r\n      align-items: stretch;\r\n    }\r\n\r\n    .swiper-slide {\r\n      display: flex;\r\n      flex-direction: column;\r\n      justify-content: space-between;\r\n      padding: 2rem;\r\n      border-radius: 16px;\r\n      background: linear-gradient(145deg, rgba(255,255,255,0.05), rgba(255,255,255,0.01));\r\n      box-shadow: 0 0 40px rgba(255, 255, 255, 0.08);\r\n      border: 1px solid rgba(255, 255, 255, 0.15);\r\n      backdrop-filter: blur(10px);\r\n      transition: transform 0.4s ease;\r\n      height: 100%;\r\n      min-height: 320px;\r\n    }\r\n\r\n    .swiper-slide:hover {\r\n      transform: translateY(-10px);\r\n      box-shadow: 0 0 20px #e91e63;\r\n    }\r\n\r\n    .swiper-slide i {\r\n      color: #943e95;\r\n      margin-bottom: 1rem;\r\n      font-size: 2.5rem;\r\n    }\r\n\r\n    .swiper-slide h3 {\r\n      font-size: 1.2rem;\r\n      margin-bottom: 1rem;\r\n      color: #ffffff;\r\n      text-transform: uppercase;\r\n      letter-spacing: 1px;\r\n    }\r\n\r\n    .swiper-slide p {\r\n      font-size: 0.95rem;\r\n      color: #d0d0d0;\r\n      flex-grow: 1;\r\n      line-height: 1.6;\r\n    }\r\n\r\n    .swiper-button-next,\r\n    .swiper-button-prev {\r\n      color: #fff;\r\n      background-color: rgba(255, 255, 255, 0.12);\r\n      border-radius: 50%;\r\n      padding: 15px;\r\n      top: 50%;\r\n      transform: translateY(-50%);\r\n      box-shadow: 0 0 10px rgba(255,255,255,0.3);\r\n      transition: background-color 0.3s ease;\r\n    }\r\n\r\n    .swiper-button-next:hover,\r\n    .swiper-button-prev:hover {\r\n      background-color: rgba(255, 255, 255, 0.3);\r\n    }\r\n  <\/style><\/head><body><section><!-- Swiper 1 - Top 4 Features --><div class=\"swiper mySwiper1\"><div class=\"swiper-wrapper\"><div class=\"swiper-slide\"><i class=\"fas fa-handshake\"><\/i><h3>D\u00dcR\u00dcST. NET. GER\u00c7EK\u00c7\u0130.<\/h3><p>Sahte g\u00fcl\u00fcc\u00fckler, g\u00f6steri\u015fli s\u00f6zler ve de yemek masalar\u0131nda at\u0131lan palavralar yok. Samimi g\u00fclen bir \u00e7ocuk gibi sadece samimi ve ger\u00e7ek.<\/p><\/div><div class=\"swiper-slide\"><i class=\"fas fa-rocket\"><\/i><h3>NE PLANLANDI\u011eINI G\u00d6R\u00dcN<\/h3><p>Ne olaca\u011f\u0131n\u0131 tahmin etmek zorunda de\u011filsiniz. 3D g\u00f6rseller ve \u00f6rnek sunumlarla planlanan her detay\u0131 a\u00e7\u0131k\u00e7a g\u00f6rmenizi sa\u011fl\u0131yoruz.<\/p><\/div><div class=\"swiper-slide\"><i class=\"fas fa-wallet\"><\/i><h3>AKILLI B\u00dcT\u00c7ELEME<\/h3><p>B\u00fct\u00e7eniz dahilinde ak\u0131ll\u0131 \u00e7\u00f6z\u00fcmlerle geliriz. Ama gizli maliyetler yok, ucuzu sunup son dakika isteklerinizle de aray\u0131 kapatm\u0131yoruz.<\/p><\/div><div class=\"swiper-slide\"><i class=\"fas fa-heart\"><\/i><h3>SADECE \u0130NANDI\u011eIMIZ <\/h3><p>Kendimiz i\u00e7in tercih etmeyece\u011fimiz hi\u00e7bir \u015feyi size sunmay\u0131z. Sadece ger\u00e7ekten gerekli olan hizmeti, olmas\u0131 gereken \u015fekilde sunar\u0131z.<\/p><\/div><\/div><div class=\"swiper-button-prev swiper-button-prev-1\"><\/div><div class=\"swiper-button-next swiper-button-next-1\"><\/div><\/div><!-- Swiper 2 - Remaining Features --><div class=\"swiper mySwiper2\"><div class=\"swiper-wrapper\"><div class=\"swiper-slide\"><i class=\"fas fa-star\"><\/i><h3>KAL\u0130TEDEN VAZGE\u00c7MEY\u0130N<\/h3><p>Kaliteden asla \u00f6d\u00fcn vermeyiz, siz isteseniz bile. Her detay \u00f6nemlidir \u2014 her zaman tutarl\u0131 ve g\u00fcvenilir olmakt\u0131r, zor ama do\u011fru olan.\r\n\r\n<\/p><\/div><div class=\"swiper-slide\"><i class=\"fas fa-lightbulb\"><\/i><h3>YARATICI & CESUR<\/h3><p>Gerekti\u011fi zaman al\u0131\u015f\u0131lm\u0131\u015f\u0131n d\u0131\u015f\u0131na \u00e7\u0131kmakt\u0131r yarat\u0131c\u0131l\u0131k. Taze fikirler ve cesur yakla\u015f\u0131mlardan korkmay\u0131n.  Ya da yine ayn\u0131lar\u0131n\u0131 yapmaya devam edin.<\/p><\/div><div class=\"swiper-slide\"><i class=\"fas fa-shield-alt\"><\/i><h3>G\u00dcVENL\u0130K \u00d6NCE GEL\u0130R<\/h3><p>G\u00fcvenlik konusunda asla risk almay\u0131z. E\u011fer olmas\u0131 gerekenden riskli bir talebiniz olursa cevab\u0131m\u0131z hay\u0131r olacakt\u0131r, hem de istisnas\u0131z.<\/p><\/div><div class=\"swiper-slide\"><i class=\"fas fa-users\"><\/i><h3>SATI\u015eTAN \u00d6NCE DE\u011eER<\/h3><p>Size gereksiz \u00fcr\u00fcn veya hizmet satmay\u0131z, \u00e7ok \u0131srar ederseniz ba\u015fka. Daha ak\u0131ll\u0131ca ve sade bir \u00e7\u00f6z\u00fcm varsa, \u00f6nceli\u011fimiz her zaman odur.\r\n\r\n<\/p><\/div><\/div><div class=\"swiper-button-prev swiper-button-prev-2\"><\/div><div class=\"swiper-button-next swiper-button-next-2\"><\/div><\/div><\/section><!-- Swiper JS --><script src=\"https:\/\/cdn.jsdelivr.net\/npm\/swiper@11\/swiper-bundle.min.js\"><\/script><script>const swiper1 = new Swiper(\".mySwiper1\", {\r\n    slidesPerView: 4,\r\n    spaceBetween: 30,\r\n    loop: true,\r\n    navigation: {\r\n      nextEl: \".swiper-button-next-1\",\r\n      prevEl: \".swiper-button-prev-1\",\r\n    },\r\n    breakpoints: {\r\n      0: { slidesPerView: 1.2 },\r\n      576: { slidesPerView: 1.5 },\r\n      768: { slidesPerView: 2.2 },\r\n      1024: { slidesPerView: 3 },\r\n      1280: { slidesPerView: 4 }\r\n    }\r\n  });\r\n\r\n  const swiper2 = new Swiper(\".mySwiper2\", {\r\n    slidesPerView: 4,\r\n    spaceBetween: 30,\r\n    loop: true,\r\n    navigation: {\r\n      nextEl: \".swiper-button-next-2\",\r\n      prevEl: \".swiper-button-prev-2\",\r\n    },\r\n    breakpoints: {\r\n      0: { slidesPerView: 1.2 },\r\n      576: { slidesPerView: 1.5 },\r\n      768: { slidesPerView: 2.2 },\r\n      1024: { slidesPerView: 3 },\r\n      1280: { slidesPerView: 4 }\r\n    }\r\n  });\r\n<\/script><\/body><\/html>\t\t\t\t<\/div>\n\t\t\t\t\t<\/div>\n\t\t<\/div>\n\t\t\t\t\t<\/div>\n\t\t<\/section>\n\t\t\t\t<section class=\"elementor-section elementor-top-section elementor-element elementor-element-41639595 elementor-section-full_width elementor-section-content-bottom elementor-section-height-default elementor-section-height-default sc_fly_static\" data-id=\"41639595\" data-element_type=\"section\" data-e-type=\"section\">\n\t\t\t\t\t\t<div class=\"elementor-container elementor-column-gap-extended\">\n\t\t\t\t\t<div class=\"elementor-column elementor-col-50 elementor-top-column elementor-element elementor-element-7aa140a3 sc_content_align_inherit sc_layouts_column_icons_position_left sc_fly_static\" data-id=\"7aa140a3\" data-element_type=\"column\" data-e-type=\"column\">\n\t\t\t<div class=\"elementor-widget-wrap elementor-element-populated\">\n\t\t\t\t\t\t<div class=\"elementor-element elementor-element-521230c8 sc_fly_static elementor-widget elementor-widget-trx_sc_title\" data-id=\"521230c8\" data-element_type=\"widget\" data-e-type=\"widget\" data-widget_type=\"trx_sc_title.default\">\n\t\t\t\t<div class=\"elementor-widget-container\">\n\t\t\t\t\t<div\t\tclass=\"sc_title sc_title_default\" ><span class=\"sc_item_subtitle sc_title_subtitle sc_item_subtitle_above sc_item_title_style_default\">G\u00d6RMED\u0130\u011e\u0130N\u0130Z EVRENLERE PORTALLAR A\u00c7AN<\/span><h2 class=\"sc_item_title sc_title_title sc_item_title_style_default sc_item_title_tag\"\n\t\t\t><span class=\"sc_item_title_text\">EVENT MULTIVERSE FELSEFES\u0130NE HO\u015e GELD\u0130N\u0130Z!<\/span><\/h2><\/div>\t\t\t\t<\/div>\n\t\t\t\t<\/div>\n\t\t\t\t<div class=\"elementor-element elementor-element-809561e sc_fly_static elementor-widget elementor-widget-text-editor\" data-id=\"809561e\" data-element_type=\"widget\" data-e-type=\"widget\" data-widget_type=\"text-editor.default\">\n\t\t\t\t\t\t\t\t\t<p>Y\u0131llar boyunca say\u0131s\u0131z etkinlikte \u00e7al\u0131\u015ft\u0131ktan, her teknik detay\u0131 ustal\u0131kla y\u00f6nettikten ve \u00e7o\u011fu ki\u015finin \u201cba\u015far\u0131\u201d olarak tan\u0131mlayaca\u011f\u0131 \u015feyleri ger\u00e7ekle\u015ftirdikten sonra bile h\u00e2l\u00e2 i\u00e7imizde bir bo\u015fluk vard\u0131. Daha derin, daha anlaml\u0131 bir \u015feyin pe\u015finde olunmas\u0131 gerekti\u011fini hissettik.<\/p><p>Mesele daha fazla etkinlik yapmak de\u011fildi \u2014 onlar\u0131 ger\u00e7ekten do\u011fru \u015fekilde yapmakt\u0131.<\/p><p>Event Multiverse\u2019\u00fc kurarken tek bir temel inanca tutunduk:<br \/>Sadece ger\u00e7ekten inand\u0131\u011f\u0131m\u0131z hizmetleri sunmak.<br \/>En kolay sat\u0131lan\u0131 de\u011fil.<br \/>En fazla k\u00e2r getiren hizmeti de de\u011fil.<br \/>Kendimiz i\u00e7in de g\u00f6n\u00fcl rahatl\u0131\u011f\u0131yla se\u00e7ece\u011fimiz hizmetleri sunmay\u0131 ilke edindik.<\/p><p>Y\u0131llar i\u00e7erisinde g\u00f6rd\u00fck ki baz\u0131lar\u0131 kestirme yollar\u0131 tercih ediyor \u2014 kaliteyi feda ederek, abart\u0131l\u0131 vaatlerde bulunarak ve sa\u011flam sonu\u00e7lar yerine parlak s\u00f6zlere g\u00fcvenerek.<\/p><p>Bizim yolumuz bu de\u011fil.<br \/>Biz moda olan\u0131n pe\u015finden ko\u015fmuyoruz, g\u00fcven in\u015fa ediyoruz.<\/p>\t\t\t\t\t\t\t\t<\/div>\n\t\t\t\t<div class=\"elementor-element elementor-element-375c68ef sc_fly_static elementor-widget elementor-widget-spacer\" data-id=\"375c68ef\" data-element_type=\"widget\" data-e-type=\"widget\" data-widget_type=\"spacer.default\">\n\t\t\t\t\t\t\t<div class=\"elementor-spacer\">\n\t\t\t<div class=\"elementor-spacer-inner\"><\/div>\n\t\t<\/div>\n\t\t\t\t\t\t<\/div>\n\t\t\t\t\t<\/div>\n\t\t<\/div>\n\t\t\t\t<div class=\"elementor-column elementor-col-50 elementor-top-column elementor-element elementor-element-3bdad3af sc_column_fixed sc_content_align_inherit sc_layouts_column_icons_position_left sc_fly_static\" data-id=\"3bdad3af\" data-element_type=\"column\" data-e-type=\"column\">\n\t\t\t<div class=\"elementor-widget-wrap elementor-element-populated\">\n\t\t\t\t\t\t<div class=\"elementor-element elementor-element-12f21da2 no-title sc_fly_static elementor-widget elementor-widget-image\" data-id=\"12f21da2\" data-element_type=\"widget\" data-e-type=\"widget\" data-widget_type=\"image.default\">\n\t\t\t\t\t\t\t\t\t\t\t\t\t\t\t<img fetchpriority=\"high\" decoding=\"async\" width=\"800\" height=\"1000\" src=\"https:\/\/eventmultiverse.com\/wp-content\/uploads\/2025\/07\/eventmultiverse-about.webp\" class=\"attachment-full size-full wp-image-25404\" alt=\"Professional stage lighting and live event production for corporate entertainment event in Turkey\" srcset=\"https:\/\/eventmultiverse.com\/wp-content\/uploads\/2025\/07\/eventmultiverse-about.webp 800w, https:\/\/eventmultiverse.com\/wp-content\/uploads\/2025\/07\/eventmultiverse-about-240x300.webp 240w, https:\/\/eventmultiverse.com\/wp-content\/uploads\/2025\/07\/eventmultiverse-about-768x960.webp 768w, https:\/\/eventmultiverse.com\/wp-content\/uploads\/2025\/07\/eventmultiverse-about-370x463.webp 370w, https:\/\/eventmultiverse.com\/wp-content\/uploads\/2025\/07\/eventmultiverse-about-410x513.webp 410w\" sizes=\"(max-width: 800px) 100vw, 800px\" \/>\t\t\t\t\t\t\t\t\t\t\t\t\t\t\t<\/div>\n\t\t\t\t\t<\/div>\n\t\t<\/div>\n\t\t\t\t\t<\/div>\n\t\t<\/section>\n\t\t\t\t<section class=\"elementor-section elementor-top-section elementor-element elementor-element-7824abe elementor-section-boxed elementor-section-height-default elementor-section-height-default sc_fly_static\" data-id=\"7824abe\" data-element_type=\"section\" data-e-type=\"section\">\n\t\t\t\t\t\t<div class=\"elementor-container elementor-column-gap-extended\">\n\t\t\t\t\t<div class=\"elementor-column elementor-col-100 elementor-top-column elementor-element elementor-element-1b80f57 sc_content_align_inherit sc_layouts_column_icons_position_left sc_fly_static\" data-id=\"1b80f57\" data-element_type=\"column\" data-e-type=\"column\">\n\t\t\t<div class=\"elementor-widget-wrap\">\n\t\t\t\t\t\t\t<\/div>\n\t\t<\/div>\n\t\t\t\t\t<\/div>\n\t\t<\/section>\n\t\t\t\t<section class=\"trx_addons_has_bg_text elementor-section elementor-top-section elementor-element elementor-element-5f52ffd0 elementor-section-full_width elementor-section-height-default elementor-section-height-default sc_fly_static\" data-bg-text=\"{&quot;bg_text&quot;:&quot;R\\u00dcYALARIN YAPILDI\\u011eI MADDEDEN YAPILMAYIZ B\\u0130Z...VE O HAYALLER\\u0130 GER\\u00c7EK ETK\\u0130NL\\u0130KLERE D\\u00d6N\\u00dc\\u015eT\\u00dcR\\u00dcYORUZ.\\n&quot;,&quot;bg_text_effect&quot;:&quot;none&quot;,&quot;bg_text_overlay&quot;:{&quot;url&quot;:&quot;&quot;,&quot;id&quot;:&quot;&quot;,&quot;size&quot;:&quot;&quot;},&quot;bg_text_left&quot;:{&quot;unit&quot;:&quot;%&quot;,&quot;size&quot;:&quot;&quot;,&quot;sizes&quot;:[]},&quot;bg_text_top&quot;:{&quot;unit&quot;:&quot;px&quot;,&quot;size&quot;:&quot;&quot;,&quot;sizes&quot;:[]},&quot;bg_text_z_index&quot;:{&quot;unit&quot;:&quot;px&quot;,&quot;size&quot;:&quot;&quot;,&quot;sizes&quot;:[]},&quot;bg_text_marquee&quot;:{&quot;unit&quot;:&quot;px&quot;,&quot;size&quot;:11,&quot;sizes&quot;:[]},&quot;bg_text_marquee_hover&quot;:&quot;&quot;,&quot;bg_text_marquee_margin&quot;:{&quot;unit&quot;:&quot;px&quot;,&quot;size&quot;:0,&quot;sizes&quot;:[]},&quot;bg_text_reverse&quot;:0,&quot;bg_text_accelerate&quot;:0,&quot;bg_text_delimiter_icon&quot;:&quot;&quot;,&quot;bg_text_delimiter_image&quot;:&quot;https:\\\/\\\/aqua-koala-644235.hostingersite.com\\\/wp-content\\\/uploads\\\/2023\\\/11\\\/go-for-bg-text.svg&quot;,&quot;bg_text_delimiter_svg&quot;:&quot;&quot;,&quot;bg_text_delimiter_rotation&quot;:1}\" data-id=\"5f52ffd0\" data-element_type=\"section\" data-e-type=\"section\">\n\t\t\t\t\t\t<div class=\"elementor-container elementor-column-gap-extended\">\n\t\t\t\t\t<div class=\"elementor-column elementor-col-100 elementor-top-column elementor-element elementor-element-209802d sc_content_align_inherit sc_layouts_column_icons_position_left sc_fly_static\" data-id=\"209802d\" data-element_type=\"column\" data-e-type=\"column\">\n\t\t\t<div class=\"elementor-widget-wrap\">\n\t\t\t\t\t\t\t<\/div>\n\t\t<\/div>\n\t\t\t\t\t<\/div>\n\t\t<\/section>\n\t\t\t\t<section class=\"elementor-section elementor-top-section elementor-element elementor-element-50f9b26 elementor-section-boxed elementor-section-height-default elementor-section-height-default sc_fly_static\" data-id=\"50f9b26\" data-element_type=\"section\" data-e-type=\"section\">\n\t\t\t\t\t\t<div class=\"elementor-container elementor-column-gap-extended\">\n\t\t\t\t\t<div class=\"elementor-column elementor-col-50 elementor-top-column elementor-element elementor-element-95e229b sc_content_align_inherit sc_layouts_column_icons_position_left sc_fly_static\" data-id=\"95e229b\" data-element_type=\"column\" data-e-type=\"column\">\n\t\t\t<div class=\"elementor-widget-wrap elementor-element-populated\">\n\t\t\t\t\t\t<div class=\"elementor-element elementor-element-5da041e sc_fly_static elementor-widget elementor-widget-trx_sc_title\" data-id=\"5da041e\" data-element_type=\"widget\" data-e-type=\"widget\" data-widget_type=\"trx_sc_title.default\">\n\t\t\t\t<div class=\"elementor-widget-container\">\n\t\t\t\t\t<div\t\tclass=\"sc_title sc_title_default\" ><span class=\"sc_item_subtitle sc_title_subtitle sc_item_subtitle_above sc_item_title_style_default\">Talebiniz mi var?<\/span><h4 class=\"sc_item_title sc_title_title sc_item_title_style_default sc_item_title_tag\"\n\t\t\t><span class=\"sc_item_title_text\">Yoksa sadece fikir almak m\u0131 istiyorsunuz? Farketmez, \u00e7ekinmeden ileti\u015fime ge\u00e7in.<\/span><\/h4><div class=\"sc_item_descr sc_title_descr\"><p>Merak etti\u011finiz her \u015fey i\u00e7in sadece bir telefon uza\u011f\u0131n\u0131zday\u0131z!<\/p>\n<\/div><\/div>\t\t\t\t<\/div>\n\t\t\t\t<\/div>\n\t\t\t\t<div class=\"elementor-element elementor-element-a8b5f35 sc_fly_static elementor-widget elementor-widget-spacer\" data-id=\"a8b5f35\" data-element_type=\"widget\" data-e-type=\"widget\" data-widget_type=\"spacer.default\">\n\t\t\t\t\t\t\t<div class=\"elementor-spacer\">\n\t\t\t<div class=\"elementor-spacer-inner\"><\/div>\n\t\t<\/div>\n\t\t\t\t\t\t<\/div>\n\t\t\t\t<div class=\"elementor-element elementor-element-6b81ee4 sc_fly_static elementor-widget elementor-widget-trx_sc_icons\" data-id=\"6b81ee4\" data-element_type=\"widget\" data-e-type=\"widget\" data-widget_type=\"trx_sc_icons.default\">\n\t\t\t\t<div class=\"elementor-widget-container\">\n\t\t\t\t\t<div \tclass=\"sc_icons sc_icons_simple sc_icons_size_small sc_align_none\" ><div class=\"sc_icons_item with_more\"><div class=\"sc_icons_icon sc_icon_type_ icon-marker\" ><span class=\"sc_icon_type_ icon-marker\"><\/span><\/div><div class=\"sc_icons_item_details\"><div class=\"sc_icons_item_description\"><span>Fener Mahallesi 1970. Sokak No:21\/3<\/span><span><\/span><span>Muratpa\u015fa\u00a0\/\u00a0Antalya, Turkey<\/span><\/div><\/div><\/div><div class=\"sc_icons_item sc_icons_item_linked with_more\"><div class=\"sc_icons_icon sc_icon_type_ icon-whatsapp\" ><span class=\"sc_icon_type_ icon-whatsapp\"><\/span><\/div><div class=\"sc_icons_item_details\"><a href=\"https:\/\/wa.me\/905421535282\" class=\"sc_icons_item_more_link\" target=\"_blank\" rel=\"noopener\">\n                        <span class=\"link_text\">+90 542 153 5282<\/span><span class=\"link_icon\"><\/span>\n                        <\/a><a href=\"https:\/\/wa.me\/905421535282\" class=\"sc_icons_item_link\" target=\"_blank\" rel=\"noopener\">\n                        <\/a><\/div><\/div><div class=\"sc_icons_item sc_icons_item_linked\"><div class=\"sc_icons_icon sc_icon_type_ icon-envelope-2\" ><span class=\"sc_icon_type_ icon-envelope-2\"><\/span><\/div><div class=\"sc_icons_item_details\"><div class=\"sc_icons_item_description\"><span>enter@eventmultiverse.com<\/span><\/div><a href=\"mailto:enter@eventmultiverse.com\"\n                        class=\"sc_icons_item_link\">\n                        <\/a><\/div><\/div><\/div><!-- \/.sc_icons -->\t\t\t\t<\/div>\n\t\t\t\t<\/div>\n\t\t\t\t\t<\/div>\n\t\t<\/div>\n\t\t\t\t<div class=\"elementor-column elementor-col-50 elementor-top-column elementor-element elementor-element-f4ce639 sc_content_align_inherit sc_layouts_column_icons_position_left sc_fly_static\" data-id=\"f4ce639\" data-element_type=\"column\" data-e-type=\"column\">\n\t\t\t<div class=\"elementor-widget-wrap elementor-element-populated\">\n\t\t\t\t\t\t<div class=\"elementor-element elementor-element-0f08b1a sc_fly_static elementor-widget elementor-widget-spacer\" data-id=\"0f08b1a\" data-element_type=\"widget\" data-e-type=\"widget\" data-widget_type=\"spacer.default\">\n\t\t\t\t\t\t\t<div class=\"elementor-spacer\">\n\t\t\t<div class=\"elementor-spacer-inner\"><\/div>\n\t\t<\/div>\n\t\t\t\t\t\t<\/div>\n\t\t\t\t<div class=\"elementor-element elementor-element-eee9ed2 sc_fly_static elementor-widget elementor-widget-trx_sc_contact_form_7\" data-id=\"eee9ed2\" data-element_type=\"widget\" data-e-type=\"widget\" data-widget_type=\"trx_sc_contact_form_7.default\">\n\t\t\t\t<div class=\"elementor-widget-container\">\n\t\t\t\t\t\n<div class=\"wpcf7 no-js\" id=\"wpcf7-f25522-o1\" lang=\"en-US\" dir=\"ltr\" data-wpcf7-id=\"25522\">\n<div class=\"screen-reader-response\"><p role=\"status\" aria-live=\"polite\" aria-atomic=\"true\"><\/p> <ul><\/ul><\/div>\n<form action=\"\/tr\/wp-json\/wp\/v2\/pages\/25482#wpcf7-f25522-o1\" method=\"post\" class=\"wpcf7-form init\" aria-label=\"Contact form\" novalidate=\"novalidate\" data-status=\"init\">\n<fieldset class=\"hidden-fields-container\"><input type=\"hidden\" name=\"_wpcf7\" value=\"25522\" \/><input type=\"hidden\" name=\"_wpcf7_version\" value=\"6.1.5\" \/><input type=\"hidden\" name=\"_wpcf7_locale\" value=\"en_US\" \/><input type=\"hidden\" name=\"_wpcf7_unit_tag\" value=\"wpcf7-f25522-o1\" \/><input type=\"hidden\" name=\"_wpcf7_container_post\" value=\"0\" \/><input type=\"hidden\" name=\"_wpcf7_posted_data_hash\" value=\"\" \/>\n<\/fieldset>\n<style>.wpcf7-list-item{display:inline-flex;align-items:center;gap:6px;}.wpcf7-list-item+a{vertical-align:middle;}\n<\/style>\n<div class=\"form-style-1\">\n\t<div class=\"columns_wrap\">\n\t\t<div class=\"column-1_2\">\n\t\t\t<p><span class=\"style-line icon-name\"><span class=\"wpcf7-form-control-wrap\" data-name=\"your-name\"><input size=\"40\" maxlength=\"400\" class=\"wpcf7-form-control wpcf7-text wpcf7-validates-as-required\" aria-required=\"true\" aria-invalid=\"false\" placeholder=\"Ad\u0131n\u0131z\" value=\"\" type=\"text\" name=\"your-name\" \/><\/span><\/span>\n\t\t\t<\/p>\n\t\t<\/div>\n\t\t<div class=\"column-1_2\">\n\t\t\t<p><span class=\"style-line icon-email\"><span class=\"wpcf7-form-control-wrap\" data-name=\"your-email\"><input size=\"40\" maxlength=\"400\" class=\"wpcf7-form-control wpcf7-email wpcf7-validates-as-required wpcf7-text wpcf7-validates-as-email\" aria-required=\"true\" aria-invalid=\"false\" placeholder=\"E-posta Adresiniz\" value=\"\" type=\"email\" name=\"your-email\" \/><\/span><\/span>\n\t\t\t<\/p>\n\t\t<\/div>\n\t<\/div>\n\t<div class=\"columns_wrap\">\n\t\t<div class=\"column-1_2\">\n\t\t\t<p><span class=\"style-line icon-phone\"><span class=\"wpcf7-form-control-wrap\" data-name=\"phone\"><input size=\"40\" maxlength=\"400\" class=\"wpcf7-form-control wpcf7-tel wpcf7-validates-as-required wpcf7-text wpcf7-validates-as-tel\" aria-required=\"true\" aria-invalid=\"false\" placeholder=\"Telefon\" value=\"\" type=\"tel\" name=\"phone\" \/><\/span><\/span>\n\t\t\t<\/p>\n\t\t<\/div>\n\t\t<div class=\"column-1_2\">\n\t\t\t<p><span class=\"style-line icon-subject\"><span class=\"wpcf7-form-control-wrap\" data-name=\"subject\"><input size=\"40\" maxlength=\"400\" class=\"wpcf7-form-control wpcf7-text wpcf7-validates-as-required\" aria-required=\"true\" aria-invalid=\"false\" placeholder=\"Konu\" value=\"\" type=\"text\" name=\"subject\" \/><\/span><\/span>\n\t\t\t<\/p>\n\t\t<\/div>\n\t<\/div>\n\t<div class=\"columns_wrap margin-bottom\">\n\t\t<div class=\"column-1_1\">\n\t\t\t<p><span class=\"style-line icon-textarea\"><span class=\"wpcf7-form-control-wrap\" data-name=\"your-message\"><textarea cols=\"40\" rows=\"10\" maxlength=\"2000\" class=\"wpcf7-form-control wpcf7-textarea wpcf7-validates-as-required\" aria-required=\"true\" aria-invalid=\"false\" placeholder=\"Size nas\u0131l yard\u0131mc\u0131 olabiliriz? L\u00fctfen bizimle ileti\u015fime ge\u00e7in!\" name=\"your-message\"><\/textarea><\/span><\/span>\n\t\t\t<\/p>\n\t\t<\/div>\n\t<\/div>\n\t<p><a href=\"https:\/\/eventmultiverse.com\/tr\/gizlilik-politikasi\/\" target=\"_blank\">Gizlilik Politikas\u0131<\/a>'n\u0131 okudum ve kabul ediyorum. <span class=\"wpcf7-form-control-wrap\" data-name=\"privacy-check\"><span class=\"wpcf7-form-control wpcf7-checkbox wpcf7-validates-as-required\"><span class=\"wpcf7-list-item first last\"><label><input type=\"checkbox\" name=\"privacy-check[]\" value=\"\u2713\" \/><span class=\"wpcf7-list-item-label\">\u2713<\/span><\/label><\/span><\/span><\/span><br \/>\n<input class=\"wpcf7-form-control wpcf7-submit has-spinner\" type=\"submit\" value=\"G\u00f6nder\" \/>\n\t<\/p>\n<\/div><div class=\"wpcf7-response-output\" aria-hidden=\"true\"><\/div>\n<\/form>\n<\/div>\n\t\t\t\t<\/div>\n\t\t\t\t<\/div>\n\t\t\t\t\t<\/div>\n\t\t<\/div>\n\t\t\t\t\t<\/div>\n\t\t<\/section>\n\t\t\t\t<\/div>\n\t\t","protected":false},"excerpt":{"rendered":"<p>Biz Kimiz? PEK\u0130 NEDEN FARKLIYIZ? Herkes farkl\u0131 oldu\u011funu iddia eder do\u011fal olarak ama k\u0131sa vadeli hedeflerden dolay\u0131 ayn\u0131 yollar\u0131 kullanarak ayn\u0131 sonuca ula\u015f\u0131rlar. Biz buna kar\u015f\u0131 tez olarak buraday\u0131z! Event&hellip;<\/p>\n","protected":false},"author":3,"featured_media":0,"parent":0,"menu_order":0,"comment_status":"closed","ping_status":"closed","template":"","meta":{"footnotes":""},"class_list":["post-25482","page","type-page","status-publish","hentry"],"_links":{"self":[{"href":"https:\/\/eventmultiverse.com\/tr\/wp-json\/wp\/v2\/pages\/25482","targetHints":{"allow":["GET"]}}],"collection":[{"href":"https:\/\/eventmultiverse.com\/tr\/wp-json\/wp\/v2\/pages"}],"about":[{"href":"https:\/\/eventmultiverse.com\/tr\/wp-json\/wp\/v2\/types\/page"}],"author":[{"embeddable":true,"href":"https:\/\/eventmultiverse.com\/tr\/wp-json\/wp\/v2\/users\/3"}],"replies":[{"embeddable":true,"href":"https:\/\/eventmultiverse.com\/tr\/wp-json\/wp\/v2\/comments?post=25482"}],"version-history":[{"count":31,"href":"https:\/\/eventmultiverse.com\/tr\/wp-json\/wp\/v2\/pages\/25482\/revisions"}],"predecessor-version":[{"id":25665,"href":"https:\/\/eventmultiverse.com\/tr\/wp-json\/wp\/v2\/pages\/25482\/revisions\/25665"}],"wp:attachment":[{"href":"https:\/\/eventmultiverse.com\/tr\/wp-json\/wp\/v2\/media?parent=25482"}],"curies":[{"name":"wp","href":"https:\/\/api.w.org\/{rel}","templated":true}]}}