{"id":25934,"date":"2020-05-27T13:05:56","date_gmt":"2020-05-27T13:05:56","guid":{"rendered":"https:\/\/eventmultiverse.com\/was-wir-fuer-sie-tun\/"},"modified":"2025-09-03T06:46:15","modified_gmt":"2025-09-03T06:46:15","slug":"was-wir-fuer-sie-tun","status":"publish","type":"page","link":"https:\/\/eventmultiverse.com\/de\/was-wir-fuer-sie-tun\/","title":{"rendered":"WAS WIR F\u00dcR SIE TUN"},"content":{"rendered":"\t\t<div data-elementor-type=\"wp-page\" data-elementor-id=\"25934\" class=\"elementor elementor-25934 elementor-4027\" data-elementor-post-type=\"page\">\n\t\t\t\t\t\t<section class=\"elementor-section elementor-top-section elementor-element elementor-element-074c7eb elementor-section-boxed elementor-section-height-default elementor-section-height-default sc_fly_static\" data-id=\"074c7eb\" data-element_type=\"section\" data-e-type=\"section\">\n\t\t\t\t\t\t<div class=\"elementor-container elementor-column-gap-extended\">\n\t\t\t\t\t<div class=\"elementor-column elementor-col-100 elementor-top-column elementor-element elementor-element-8dbfdd2 sc_content_align_inherit sc_layouts_column_icons_position_left sc_fly_static\" data-id=\"8dbfdd2\" data-element_type=\"column\" data-e-type=\"column\">\n\t\t\t<div class=\"elementor-widget-wrap elementor-element-populated\">\n\t\t\t\t\t\t<div class=\"elementor-element elementor-element-2cf4fb3 sc_fly_static elementor-widget elementor-widget-trx_sc_title\" data-id=\"2cf4fb3\" data-element_type=\"widget\" data-e-type=\"widget\" data-widget_type=\"trx_sc_title.default\">\n\t\t\t\t<div class=\"elementor-widget-container\">\n\t\t\t\t\t<div\t\tclass=\"sc_title sc_title_default\" ><div class=\"sc_item_descr sc_title_descr sc_align_center\"><p>Wir schaffen Erlebnisse \u2013 nicht nur Events.<\/p>\n<\/div><\/div>\t\t\t\t<\/div>\n\t\t\t\t<\/div>\n\t\t\t\t<div class=\"elementor-element elementor-element-8ac9c1e sc_fly_static elementor-widget elementor-widget-text-editor\" data-id=\"8ac9c1e\" data-element_type=\"widget\" data-e-type=\"widget\" data-widget_type=\"text-editor.default\">\n\t\t\t\t\t\t\t\t\t<p><br>Von kleinen, intimen Zusammenk\u00fcnften bis hin zu gro\u00df angelegten Firmenveranstaltungen realisieren wir ma\u00dfgeschneiderte Events, die Menschen verbinden, Ihre Markenbotschaft erz\u00e4hlen und bleibende Eindr\u00fccke hinterlassen \u2013 in der ganzen T\u00fcrkei und dar\u00fcber hinaus.<\/p>\t\t\t\t\t\t\t\t<\/div>\n\t\t\t\t\t<\/div>\n\t\t<\/div>\n\t\t\t\t\t<\/div>\n\t\t<\/section>\n\t\t\t\t<section class=\"elementor-section elementor-top-section elementor-element elementor-element-f74118a elementor-section-boxed elementor-section-height-default elementor-section-height-default sc_fly_static\" data-id=\"f74118a\" data-element_type=\"section\" data-e-type=\"section\">\n\t\t\t\t\t\t<div class=\"elementor-container elementor-column-gap-extended\">\n\t\t\t\t\t<div class=\"elementor-column elementor-col-100 elementor-top-column elementor-element elementor-element-814144d sc_content_align_inherit sc_layouts_column_icons_position_left sc_fly_static\" data-id=\"814144d\" data-element_type=\"column\" data-e-type=\"column\">\n\t\t\t<div class=\"elementor-widget-wrap elementor-element-populated\">\n\t\t\t\t\t\t<div class=\"elementor-element elementor-element-2fc0b91 sc_height_huge sc_fly_static elementor-widget elementor-widget-spacer\" data-id=\"2fc0b91\" data-element_type=\"widget\" data-e-type=\"widget\" data-widget_type=\"spacer.default\">\n\t\t\t\t\t\t\t<div class=\"elementor-spacer\">\n\t\t\t<div class=\"elementor-spacer-inner\"><\/div>\n\t\t<\/div>\n\t\t\t\t\t\t<\/div>\n\t\t\t\t\t<\/div>\n\t\t<\/div>\n\t\t\t\t\t<\/div>\n\t\t<\/section>\n\t\t\t\t<section class=\"elementor-section elementor-top-section elementor-element elementor-element-50677fa elementor-section-boxed elementor-section-height-default elementor-section-height-default sc_fly_static\" data-id=\"50677fa\" data-element_type=\"section\" data-e-type=\"section\">\n\t\t\t\t\t\t<div class=\"elementor-container elementor-column-gap-extended\">\n\t\t\t\t\t<div class=\"elementor-column elementor-col-100 elementor-top-column elementor-element elementor-element-74f8442 sc_content_align_inherit sc_layouts_column_icons_position_left sc_fly_static\" data-id=\"74f8442\" data-element_type=\"column\" data-e-type=\"column\">\n\t\t\t<div class=\"elementor-widget-wrap elementor-element-populated\">\n\t\t\t\t\t\t<div class=\"elementor-element elementor-element-602bf85 scheme_default sc_fly_static elementor-widget elementor-widget-trx_sc_services\" data-id=\"602bf85\" data-element_type=\"widget\" data-e-type=\"widget\" data-widget_type=\"trx_sc_services.default\">\n\t\t\t\t<div class=\"elementor-widget-container\">\n\t\t\t\t\t<div class=\"sc_services scheme_default sc_services_fashion sc_services_featured_top\"><div class=\"sc_services_columns_wrap sc_item_columns sc_item_posts_container sc_item_columns_4 trx_addons_columns_wrap columns_padding_bottom columns_in_single_row\"><div class=\"trx_addons_column-1_4 \"><div data-post-id=\"25940\" class=\"sc_services_item sc_item_container post_container without_content without_subtitle with_image with_number post-25940 cpt_services type-cpt_services status-publish has-post-thumbnail hentry cpt_services_group-our-expertise-de\">\n\t\t<div class=\"sc_services_item_content \" style=\"background-image: url(https:\/\/eventmultiverse.com\/wp-content\/uploads\/2020\/04\/EVENT-MANAGEMENT-PLANNINING-840x924.webp);\">\n\t\t\t\t<div class=\"sc_services_item_content_inner\">\n    \t\t                <div class=\"sc_services_item_content_inner_top\"><span class=\"sc_services_item_number\">01.<\/span><\/div><div class=\"sc_services_item_content_inner_bottom\"><h6 class=\"sc_services_item_title\"><a href=\"https:\/\/eventmultiverse.com\/de\/services\/eventmanagement-planung\/\">EVENTMANAGEMENT &amp; PLANUNG<\/a><\/h6>\n                <\/div><\/div><a class=\"sc_services_item_link\" href=\"https:\/\/eventmultiverse.com\/de\/services\/eventmanagement-planung\/\"><\/a><\/div><\/div><\/div><div class=\"trx_addons_column-1_4 \"><div data-post-id=\"25941\" class=\"sc_services_item sc_item_container post_container without_content without_subtitle with_image with_number post-25941 cpt_services type-cpt_services status-publish has-post-thumbnail hentry cpt_services_group-our-expertise-de\">\n\t\t<div class=\"sc_services_item_content \" style=\"background-image: url(https:\/\/eventmultiverse.com\/wp-content\/uploads\/2020\/04\/event-production-840x924.webp);\">\n\t\t\t\t<div class=\"sc_services_item_content_inner\">\n    \t\t                <div class=\"sc_services_item_content_inner_top\"><span class=\"sc_services_item_number\">02.<\/span><\/div><div class=\"sc_services_item_content_inner_bottom\"><h6 class=\"sc_services_item_title\"><a href=\"https:\/\/eventmultiverse.com\/de\/services\/technische-produktion-konferenzgeraete\/\">TECHNISCHE PRODUKTION &amp; KONFERENZGER\u00c4TE<\/a><\/h6>\n                <\/div><\/div><a class=\"sc_services_item_link\" href=\"https:\/\/eventmultiverse.com\/de\/services\/technische-produktion-konferenzgeraete\/\"><\/a><\/div><\/div><\/div><div class=\"trx_addons_column-1_4 \"><div data-post-id=\"25942\" class=\"sc_services_item sc_item_container post_container without_content without_subtitle with_image with_number post-25942 cpt_services type-cpt_services status-publish has-post-thumbnail hentry cpt_services_group-our-expertise-de\">\n\t\t<div class=\"sc_services_item_content \" style=\"background-image: url(https:\/\/eventmultiverse.com\/wp-content\/uploads\/2020\/04\/decor-styling-840x924.webp);\">\n\t\t\t\t<div class=\"sc_services_item_content_inner\">\n    \t\t                <div class=\"sc_services_item_content_inner_top\"><span class=\"sc_services_item_number\">03.<\/span><\/div><div class=\"sc_services_item_content_inner_bottom\"><h6 class=\"sc_services_item_title\"><a href=\"https:\/\/eventmultiverse.com\/de\/services\/dekoration-styling\/\">DEKORATION &amp; STYLING<\/a><\/h6>\n                <\/div><\/div><a class=\"sc_services_item_link\" href=\"https:\/\/eventmultiverse.com\/de\/services\/dekoration-styling\/\"><\/a><\/div><\/div><\/div><div class=\"trx_addons_column-1_4 \"><div data-post-id=\"25943\" class=\"sc_services_item sc_item_container post_container without_content without_subtitle with_image with_number post-25943 cpt_services type-cpt_services status-publish has-post-thumbnail hentry cpt_services_group-our-expertise-de\">\n\t\t<div class=\"sc_services_item_content \" style=\"background-image: url(https:\/\/eventmultiverse.com\/wp-content\/uploads\/2020\/04\/ENTERTAINMENT-ARTISTIC-ACTS-840x924.webp);\">\n\t\t\t\t<div class=\"sc_services_item_content_inner\">\n    \t\t                <div class=\"sc_services_item_content_inner_top\"><span class=\"sc_services_item_number\">04.<\/span><\/div><div class=\"sc_services_item_content_inner_bottom\"><h6 class=\"sc_services_item_title\"><a href=\"https:\/\/eventmultiverse.com\/de\/services\/unterhaltung-kuenstlerische-darbietungen\/\">Unterhaltung &amp; K\u00fcnstlerische Darbietungen<\/a><\/h6>\n                <\/div><\/div><a class=\"sc_services_item_link\" href=\"https:\/\/eventmultiverse.com\/de\/services\/unterhaltung-kuenstlerische-darbietungen\/\"><\/a><\/div><\/div><\/div><\/div><\/div>\t\t\t\t<\/div>\n\t\t\t\t<\/div>\n\t\t\t\t\t<\/div>\n\t\t<\/div>\n\t\t\t\t\t<\/div>\n\t\t<\/section>\n\t\t\t\t<section class=\"elementor-section elementor-top-section elementor-element elementor-element-cd0d5f2 elementor-section-boxed elementor-section-height-default elementor-section-height-default sc_fly_static\" data-id=\"cd0d5f2\" data-element_type=\"section\" data-e-type=\"section\">\n\t\t\t\t\t\t<div class=\"elementor-container elementor-column-gap-extended\">\n\t\t\t\t\t<div class=\"elementor-column elementor-col-100 elementor-top-column elementor-element elementor-element-70ad789 sc_content_align_inherit sc_layouts_column_icons_position_left sc_fly_static\" data-id=\"70ad789\" data-element_type=\"column\" data-e-type=\"column\">\n\t\t\t<div class=\"elementor-widget-wrap elementor-element-populated\">\n\t\t\t\t\t\t<div class=\"elementor-element elementor-element-dab542f scheme_default sc_fly_static elementor-widget elementor-widget-trx_sc_services\" data-id=\"dab542f\" data-element_type=\"widget\" data-e-type=\"widget\" data-widget_type=\"trx_sc_services.default\">\n\t\t\t\t<div class=\"elementor-widget-container\">\n\t\t\t\t\t<div class=\"sc_services scheme_default sc_services_fashion sc_services_featured_top\"><div class=\"sc_services_columns_wrap sc_item_columns sc_item_posts_container sc_item_columns_4 trx_addons_columns_wrap columns_padding_bottom columns_in_single_row\"><div class=\"trx_addons_column-1_4 \"><div data-post-id=\"25944\" class=\"sc_services_item sc_item_container post_container without_content without_subtitle with_image with_number post-25944 cpt_services type-cpt_services status-publish has-post-thumbnail hentry cpt_services_group-our-services-de\">\n\t\t<div class=\"sc_services_item_content \" style=\"background-image: url(https:\/\/eventmultiverse.com\/wp-content\/uploads\/2025\/07\/CREATIVE-VISUAL-CONTENT-840x924.webp);\">\n\t\t\t\t<div class=\"sc_services_item_content_inner\">\n    \t\t                <div class=\"sc_services_item_content_inner_top\"><span class=\"sc_services_item_number\">01.<\/span><\/div><div class=\"sc_services_item_content_inner_bottom\"><h6 class=\"sc_services_item_title\"><a href=\"https:\/\/eventmultiverse.com\/de\/services\/kreative-visuelle-inhalte\/\">Kreative &amp; Visuelle Inhalte<\/a><\/h6>\n                <\/div><\/div><a class=\"sc_services_item_link\" href=\"https:\/\/eventmultiverse.com\/de\/services\/kreative-visuelle-inhalte\/\"><\/a><\/div><\/div><\/div><div class=\"trx_addons_column-1_4 \"><div data-post-id=\"25945\" class=\"sc_services_item sc_item_container post_container without_content without_subtitle with_image with_number post-25945 cpt_services type-cpt_services status-publish has-post-thumbnail hentry cpt_services_group-our-services-de\">\n\t\t<div class=\"sc_services_item_content \" style=\"background-image: url(https:\/\/eventmultiverse.com\/wp-content\/uploads\/2025\/07\/5-840x924.webp);\">\n\t\t\t\t<div class=\"sc_services_item_content_inner\">\n    \t\t                <div class=\"sc_services_item_content_inner_top\"><span class=\"sc_services_item_number\">02.<\/span><\/div><div class=\"sc_services_item_content_inner_bottom\"><h6 class=\"sc_services_item_title\"><a href=\"https:\/\/eventmultiverse.com\/de\/services\/incentive-teamerlebnisse\/\">Incentive &amp; Teamerlebnisse<\/a><\/h6>\n                <\/div><\/div><a class=\"sc_services_item_link\" href=\"https:\/\/eventmultiverse.com\/de\/services\/incentive-teamerlebnisse\/\"><\/a><\/div><\/div><\/div><div class=\"trx_addons_column-1_4 \"><div data-post-id=\"25946\" class=\"sc_services_item sc_item_container post_container without_content without_subtitle with_image with_number post-25946 cpt_services type-cpt_services status-publish has-post-thumbnail hentry cpt_services_group-our-services-de\">\n\t\t<div class=\"sc_services_item_content \" style=\"background-image: url(https:\/\/eventmultiverse.com\/wp-content\/uploads\/2025\/07\/mice-services-event-multiverse-840x924.webp);\">\n\t\t\t\t<div class=\"sc_services_item_content_inner\">\n    \t\t                <div class=\"sc_services_item_content_inner_top\"><span class=\"sc_services_item_number\">03.<\/span><\/div><div class=\"sc_services_item_content_inner_bottom\"><h6 class=\"sc_services_item_title\"><a href=\"https:\/\/eventmultiverse.com\/de\/services\/mice-dienstleistungen\/\">Mice-Dienstleistungen<\/a><\/h6>\n                <\/div><\/div><a class=\"sc_services_item_link\" href=\"https:\/\/eventmultiverse.com\/de\/services\/mice-dienstleistungen\/\"><\/a><\/div><\/div><\/div><div class=\"trx_addons_column-1_4 \"><div data-post-id=\"25947\" class=\"sc_services_item sc_item_container post_container without_content without_subtitle with_image with_number post-25947 cpt_services type-cpt_services status-publish has-post-thumbnail hentry cpt_services_group-our-services-de\">\n\t\t<div class=\"sc_services_item_content \" style=\"background-image: url(https:\/\/eventmultiverse.com\/wp-content\/uploads\/2020\/04\/HOSPITALITY-GUEST-SERVICES-840x924.webp);\">\n\t\t\t\t<div class=\"sc_services_item_content_inner\">\n    \t\t                <div class=\"sc_services_item_content_inner_top\"><span class=\"sc_services_item_number\">04.<\/span><\/div><div class=\"sc_services_item_content_inner_bottom\"><h6 class=\"sc_services_item_title\"><a href=\"https:\/\/eventmultiverse.com\/de\/services\/unterkunft-gaesteservices\/\">Unterkunft &amp; G\u00e4steservices<\/a><\/h6>\n                <\/div><\/div><a class=\"sc_services_item_link\" href=\"https:\/\/eventmultiverse.com\/de\/services\/unterkunft-gaesteservices\/\"><\/a><\/div><\/div><\/div><\/div><\/div>\t\t\t\t<\/div>\n\t\t\t\t<\/div>\n\t\t\t\t\t<\/div>\n\t\t<\/div>\n\t\t\t\t\t<\/div>\n\t\t<\/section>\n\t\t\t\t<section class=\"elementor-section elementor-top-section elementor-element elementor-element-b947065 elementor-section-boxed elementor-section-height-default elementor-section-height-default sc_fly_static\" data-id=\"b947065\" data-element_type=\"section\" data-e-type=\"section\">\n\t\t\t\t\t\t<div class=\"elementor-container elementor-column-gap-extended\">\n\t\t\t\t\t<div class=\"elementor-column elementor-col-50 elementor-top-column elementor-element elementor-element-2b087bb sc_content_align_inherit sc_layouts_column_icons_position_left sc_fly_static\" data-id=\"2b087bb\" data-element_type=\"column\" data-e-type=\"column\">\n\t\t\t<div class=\"elementor-widget-wrap elementor-element-populated\">\n\t\t\t\t\t\t<div class=\"elementor-element elementor-element-6cc77bd sc_fly_static elementor-widget elementor-widget-spacer\" data-id=\"6cc77bd\" data-element_type=\"widget\" data-e-type=\"widget\" data-widget_type=\"spacer.default\">\n\t\t\t\t\t\t\t<div class=\"elementor-spacer\">\n\t\t\t<div class=\"elementor-spacer-inner\"><\/div>\n\t\t<\/div>\n\t\t\t\t\t\t<\/div>\n\t\t\t\t<div class=\"elementor-element elementor-element-244917b sc_fly_static elementor-widget elementor-widget-trx_sc_icons\" data-id=\"244917b\" data-element_type=\"widget\" data-e-type=\"widget\" data-widget_type=\"trx_sc_icons.default\">\n\t\t\t\t<div class=\"elementor-widget-container\">\n\t\t\t\t\t<div \tclass=\"sc_icons sc_icons_simple sc_icons_size_small sc_align_none\" ><div class=\"sc_icons_item with_more\"><div class=\"sc_icons_icon sc_icon_type_ icon-marker\" ><span class=\"sc_icon_type_ icon-marker\"><\/span><\/div><div class=\"sc_icons_item_details\"><div class=\"sc_icons_item_description\"><span>Fener Mahallesi 1970. Sokak No:21\/3 <\/span><span><\/span><span>Muratpa\u015fa \/ Antalya, Turkey<\/span><\/div><\/div><\/div><div class=\"sc_icons_item sc_icons_item_linked with_more\"><div class=\"sc_icons_icon sc_icon_type_ icon-whatsapp\" ><span class=\"sc_icon_type_ icon-whatsapp\"><\/span><\/div><div class=\"sc_icons_item_details\"><a href=\"https:\/\/wa.me\/905421535282\" class=\"sc_icons_item_more_link\" target=\"_blank\" rel=\"noopener\">\n                        <span class=\"link_text\">+90 542 153 5282<\/span><span class=\"link_icon\"><\/span>\n                        <\/a><a href=\"https:\/\/wa.me\/905421535282\" class=\"sc_icons_item_link\" target=\"_blank\" rel=\"noopener\">\n                        <\/a><\/div><\/div><div class=\"sc_icons_item sc_icons_item_linked\"><div class=\"sc_icons_icon sc_icon_type_ icon-envelope-2\" ><span class=\"sc_icon_type_ icon-envelope-2\"><\/span><\/div><div class=\"sc_icons_item_details\"><div class=\"sc_icons_item_description\"><span>enter@eventmultiverse.com<\/span><\/div><a href=\"mailto:enter@eventmultiverse.com\"\n                        class=\"sc_icons_item_link\">\n                        <\/a><\/div><\/div><\/div><!-- \/.sc_icons -->\t\t\t\t<\/div>\n\t\t\t\t<\/div>\n\t\t\t\t\t<\/div>\n\t\t<\/div>\n\t\t\t\t<div class=\"elementor-column elementor-col-50 elementor-top-column elementor-element elementor-element-db9ffd9 sc_content_align_inherit sc_layouts_column_icons_position_left sc_fly_static\" data-id=\"db9ffd9\" data-element_type=\"column\" data-e-type=\"column\">\n\t\t\t<div class=\"elementor-widget-wrap elementor-element-populated\">\n\t\t\t\t\t\t<div class=\"elementor-element elementor-element-4d3922b sc_fly_static elementor-widget elementor-widget-trx_sc_title\" data-id=\"4d3922b\" data-element_type=\"widget\" data-e-type=\"widget\" data-widget_type=\"trx_sc_title.default\">\n\t\t\t\t<div class=\"elementor-widget-container\">\n\t\t\t\t\t<div\t\tclass=\"sc_title sc_title_default\" ><span class=\"sc_item_subtitle sc_title_subtitle sc_item_subtitle_above sc_item_title_style_default\">Kontaktieren Sie Uns<\/span><h1 class=\"sc_item_title sc_title_title sc_item_title_style_default sc_item_title_tag\"\n\t\t\t><span class=\"sc_item_title_text\">Haben Sie Fragen? <br>Schreiben Sie uns! <\/span><\/h1><\/div>\t\t\t\t<\/div>\n\t\t\t\t<\/div>\n\t\t\t\t<div class=\"elementor-element elementor-element-d0560ad sc_fly_static elementor-widget elementor-widget-spacer\" data-id=\"d0560ad\" data-element_type=\"widget\" data-e-type=\"widget\" data-widget_type=\"spacer.default\">\n\t\t\t\t\t\t\t<div class=\"elementor-spacer\">\n\t\t\t<div class=\"elementor-spacer-inner\"><\/div>\n\t\t<\/div>\n\t\t\t\t\t\t<\/div>\n\t\t\t\t<div class=\"elementor-element elementor-element-287d6bd sc_fly_static elementor-widget elementor-widget-trx_sc_contact_form_7\" data-id=\"287d6bd\" data-element_type=\"widget\" data-e-type=\"widget\" data-widget_type=\"trx_sc_contact_form_7.default\">\n\t\t\t\t<div class=\"elementor-widget-container\">\n\t\t\t\t\t\n<div class=\"wpcf7 no-js\" id=\"wpcf7-f25911-o1\" lang=\"en-US\" dir=\"ltr\" data-wpcf7-id=\"25911\">\n<div class=\"screen-reader-response\"><p role=\"status\" aria-live=\"polite\" aria-atomic=\"true\"><\/p> <ul><\/ul><\/div>\n<form action=\"\/de\/wp-json\/wp\/v2\/pages\/25934#wpcf7-f25911-o1\" method=\"post\" class=\"wpcf7-form init\" aria-label=\"Contact form\" novalidate=\"novalidate\" data-status=\"init\">\n<fieldset class=\"hidden-fields-container\"><input type=\"hidden\" name=\"_wpcf7\" value=\"25911\" \/><input type=\"hidden\" name=\"_wpcf7_version\" value=\"6.1.5\" \/><input type=\"hidden\" name=\"_wpcf7_locale\" value=\"en_US\" \/><input type=\"hidden\" name=\"_wpcf7_unit_tag\" value=\"wpcf7-f25911-o1\" \/><input type=\"hidden\" name=\"_wpcf7_container_post\" value=\"0\" \/><input type=\"hidden\" name=\"_wpcf7_posted_data_hash\" value=\"\" \/>\n<\/fieldset>\n<style>.wpcf7-list-item{display:inline-flex;align-items:center;gap:6px;}.wpcf7-list-item+a{vertical-align:middle;}\n<\/style>\n<div class=\"form-style-1\">\n\t<div class=\"columns_wrap\">\n\t\t<div class=\"column-1_2\">\n\t\t\t<p><span class=\"style-line icon-name\"><span class=\"wpcf7-form-control-wrap\" data-name=\"your-name\"><input size=\"40\" maxlength=\"400\" class=\"wpcf7-form-control wpcf7-text wpcf7-validates-as-required\" aria-required=\"true\" aria-invalid=\"false\" placeholder=\"Name\" value=\"\" type=\"text\" name=\"your-name\" \/><\/span><\/span>\n\t\t\t<\/p>\n\t\t<\/div>\n\t\t<div class=\"column-1_2\">\n\t\t\t<p><span class=\"style-line icon-email\"><span class=\"wpcf7-form-control-wrap\" data-name=\"your-email\"><input size=\"40\" maxlength=\"400\" class=\"wpcf7-form-control wpcf7-email wpcf7-validates-as-required wpcf7-text wpcf7-validates-as-email\" aria-required=\"true\" aria-invalid=\"false\" placeholder=\"E-Mail-Adresse\" value=\"\" type=\"email\" name=\"your-email\" \/><\/span><\/span>\n\t\t\t<\/p>\n\t\t<\/div>\n\t<\/div>\n\t<div class=\"columns_wrap\">\n\t\t<div class=\"column-1_2\">\n\t\t\t<p><span class=\"style-line icon-phone\"><span class=\"wpcf7-form-control-wrap\" data-name=\"phone\"><input size=\"40\" maxlength=\"400\" class=\"wpcf7-form-control wpcf7-tel wpcf7-validates-as-required wpcf7-text wpcf7-validates-as-tel\" aria-required=\"true\" aria-invalid=\"false\" placeholder=\"Telefonnummer\" value=\"\" type=\"tel\" name=\"phone\" \/><\/span><\/span>\n\t\t\t<\/p>\n\t\t<\/div>\n\t\t<div class=\"column-1_2\">\n\t\t\t<p><span class=\"style-line icon-subject\"><span class=\"wpcf7-form-control-wrap\" data-name=\"subject\"><input size=\"40\" maxlength=\"400\" class=\"wpcf7-form-control wpcf7-text wpcf7-validates-as-required\" aria-required=\"true\" aria-invalid=\"false\" placeholder=\"Betreff\" value=\"\" type=\"text\" name=\"subject\" \/><\/span><\/span>\n\t\t\t<\/p>\n\t\t<\/div>\n\t<\/div>\n\t<div class=\"columns_wrap margin-bottom\">\n\t\t<div class=\"column-1_1\">\n\t\t\t<p><span class=\"style-line icon-textarea\"><span class=\"wpcf7-form-control-wrap\" data-name=\"your-message\"><textarea cols=\"40\" rows=\"10\" maxlength=\"2000\" class=\"wpcf7-form-control wpcf7-textarea wpcf7-validates-as-required\" aria-required=\"true\" aria-invalid=\"false\" placeholder=\"Wie k\u00f6nnen wir Ihnen helfen? Kontaktieren Sie uns gerne!\" name=\"your-message\"><\/textarea><\/span><\/span>\n\t\t\t<\/p>\n\t\t<\/div>\n\t<\/div>\n\t<p>Ich habe die <a href=\"https:\/\/eventmultiverse.com\/de\/datenschutzrichtlinie\/\" target=\"_blank\">Datenschutzrichtlinie<\/a> gelesen und akzeptiere sie. <span class=\"wpcf7-form-control-wrap\" data-name=\"privacy-check\"><span class=\"wpcf7-form-control wpcf7-checkbox wpcf7-validates-as-required\"><span class=\"wpcf7-list-item first last\"><label><input type=\"checkbox\" name=\"privacy-check[]\" value=\"\u2713\" \/><span class=\"wpcf7-list-item-label\">\u2713<\/span><\/label><\/span><\/span><\/span><br \/>\n<input class=\"wpcf7-form-control wpcf7-submit has-spinner\" type=\"submit\" value=\"Kontaktieren Sie uns\" \/>\n\t<\/p>\n<\/div><div class=\"wpcf7-response-output\" aria-hidden=\"true\"><\/div>\n<\/form>\n<\/div>\n\t\t\t\t<\/div>\n\t\t\t\t<\/div>\n\t\t\t\t\t<\/div>\n\t\t<\/div>\n\t\t\t\t\t<\/div>\n\t\t<\/section>\n\t\t\t\t<section class=\"elementor-section elementor-top-section elementor-element elementor-element-0fb1094 elementor-section-boxed elementor-section-height-default elementor-section-height-default sc_fly_static\" data-id=\"0fb1094\" data-element_type=\"section\" data-e-type=\"section\">\n\t\t\t\t\t\t<div class=\"elementor-container elementor-column-gap-extended\">\n\t\t\t\t\t<div class=\"elementor-column elementor-col-100 elementor-top-column elementor-element elementor-element-bb55fa9 sc_content_align_inherit sc_layouts_column_icons_position_left sc_fly_static\" data-id=\"bb55fa9\" data-element_type=\"column\" data-e-type=\"column\">\n\t\t\t<div class=\"elementor-widget-wrap elementor-element-populated\">\n\t\t\t\t\t\t<div class=\"elementor-element elementor-element-10a46dc sc_height_huge sc_fly_static elementor-widget elementor-widget-spacer\" data-id=\"10a46dc\" data-element_type=\"widget\" data-e-type=\"widget\" data-widget_type=\"spacer.default\">\n\t\t\t\t\t\t\t<div class=\"elementor-spacer\">\n\t\t\t<div class=\"elementor-spacer-inner\"><\/div>\n\t\t<\/div>\n\t\t\t\t\t\t<\/div>\n\t\t\t\t\t<\/div>\n\t\t<\/div>\n\t\t\t\t\t<\/div>\n\t\t<\/section>\n\t\t\t\t<\/div>\n\t\t","protected":false},"excerpt":{"rendered":"<p>Wir schaffen Erlebnisse \u2013 nicht nur Events. Von kleinen, intimen Zusammenk\u00fcnften bis hin zu gro\u00df angelegten Firmenveranstaltungen realisieren wir ma\u00dfgeschneiderte Events, die Menschen verbinden, Ihre Markenbotschaft erz\u00e4hlen und bleibende Eindr\u00fccke&hellip;<\/p>\n","protected":false},"author":3,"featured_media":0,"parent":0,"menu_order":0,"comment_status":"closed","ping_status":"closed","template":"","meta":{"footnotes":""},"class_list":["post-25934","page","type-page","status-publish","hentry"],"_links":{"self":[{"href":"https:\/\/eventmultiverse.com\/de\/wp-json\/wp\/v2\/pages\/25934","targetHints":{"allow":["GET"]}}],"collection":[{"href":"https:\/\/eventmultiverse.com\/de\/wp-json\/wp\/v2\/pages"}],"about":[{"href":"https:\/\/eventmultiverse.com\/de\/wp-json\/wp\/v2\/types\/page"}],"author":[{"embeddable":true,"href":"https:\/\/eventmultiverse.com\/de\/wp-json\/wp\/v2\/users\/3"}],"replies":[{"embeddable":true,"href":"https:\/\/eventmultiverse.com\/de\/wp-json\/wp\/v2\/comments?post=25934"}],"version-history":[{"count":5,"href":"https:\/\/eventmultiverse.com\/de\/wp-json\/wp\/v2\/pages\/25934\/revisions"}],"predecessor-version":[{"id":25939,"href":"https:\/\/eventmultiverse.com\/de\/wp-json\/wp\/v2\/pages\/25934\/revisions\/25939"}],"wp:attachment":[{"href":"https:\/\/eventmultiverse.com\/de\/wp-json\/wp\/v2\/media?parent=25934"}],"curies":[{"name":"wp","href":"https:\/\/api.w.org\/{rel}","templated":true}]}}