{"id":25918,"date":"2020-05-26T14:26:50","date_gmt":"2020-05-26T14:26:50","guid":{"rendered":"https:\/\/eventmultiverse.com\/ueber-uns\/"},"modified":"2025-09-03T06:38:26","modified_gmt":"2025-09-03T06:38:26","slug":"uber-uns","status":"publish","type":"page","link":"https:\/\/eventmultiverse.com\/de\/uber-uns\/","title":{"rendered":"\u00dcber Uns"},"content":{"rendered":"\t\t<div data-elementor-type=\"wp-page\" data-elementor-id=\"25918\" class=\"elementor elementor-25918 elementor-3786\" data-elementor-post-type=\"page\">\n\t\t\t\t\t\t<section class=\"elementor-section elementor-top-section elementor-element elementor-element-8fa859f elementor-section-boxed elementor-section-height-default elementor-section-height-default sc_fly_static\" data-id=\"8fa859f\" data-element_type=\"section\" data-e-type=\"section\">\n\t\t\t\t\t\t<div class=\"elementor-container elementor-column-gap-extended\">\n\t\t\t\t\t<div class=\"elementor-column elementor-col-100 elementor-top-column elementor-element elementor-element-76c9edf sc_content_align_inherit sc_layouts_column_icons_position_left sc_fly_static\" data-id=\"76c9edf\" data-element_type=\"column\" data-e-type=\"column\">\n\t\t\t<div class=\"elementor-widget-wrap elementor-element-populated\">\n\t\t\t\t\t\t<div class=\"elementor-element elementor-element-0b98ea0 sc_fly_static elementor-widget elementor-widget-trx_sc_title\" data-id=\"0b98ea0\" data-element_type=\"widget\" data-e-type=\"widget\" data-widget_type=\"trx_sc_title.default\">\n\t\t\t\t<div class=\"elementor-widget-container\">\n\t\t\t\t\t<div\t\tclass=\"sc_title sc_title_default\" ><span class=\"sc_item_subtitle sc_title_subtitle sc_item_subtitle_above sc_item_title_style_default\">Wer sind wir?<\/span><h1 class=\"sc_item_title sc_title_title sc_item_title_style_default sc_item_title_tag\"\n\t\t\t><span class=\"sc_item_title_text\">WAS UNS AUSZEICHNET <\/span><\/h1><div class=\"sc_item_descr sc_title_descr\"><p>Wir liefern nicht einfach nur Veranstaltungen \u2013 wir folgen einem klaren Wertekompass, der jede unserer Entscheidungen leitet. <\/p>\n<\/div><\/div>\t\t\t\t<\/div>\n\t\t\t\t<\/div>\n\t\t\t\t<div class=\"elementor-element elementor-element-095f403 sc_fly_static elementor-widget elementor-widget-html\" data-id=\"095f403\" data-element_type=\"widget\" data-e-type=\"widget\" data-widget_type=\"html.default\">\n\t\t\t\t\t<!DOCTYPE html><html lang=\"en\"><head><meta charset=\"UTF-8\" \/><meta name=\"viewport\" content=\"width=device-width, initial-scale=1.0\"\/><title>Event Multiverse Carousel<\/title><!-- Swiper CSS --><link rel=\"stylesheet\" href=\"https:\/\/cdn.jsdelivr.net\/npm\/swiper@11\/swiper-bundle.min.css\"\/><link rel=\"stylesheet\" href=\"https:\/\/cdnjs.cloudflare.com\/ajax\/libs\/font-awesome\/6.4.0\/css\/all.min.css\"\/><style>body {\r\n      margin: 0;\r\n      background: radial-gradient(ellipse at center, #1a082f 0%, #12061d 100%);\r\n      font-family: 'Segoe UI', sans-serif;\r\n      color: #fff;\r\n    }\r\n\r\n    section {\r\n      padding: 4rem 1rem;\r\n    }\r\n\r\n    .swiper {\r\n      max-width: 1440px;\r\n      margin: 2rem auto;\r\n      padding: 0 20px;\r\n      position: relative;\r\n    }\r\n\r\n    .swiper-wrapper {\r\n      display: flex;\r\n      align-items: stretch;\r\n    }\r\n\r\n    .swiper-slide {\r\n      display: flex;\r\n      flex-direction: column;\r\n      justify-content: space-between;\r\n      padding: 2rem;\r\n      border-radius: 16px;\r\n      background: linear-gradient(145deg, rgba(255,255,255,0.05), rgba(255,255,255,0.01));\r\n      box-shadow: 0 0 40px rgba(255, 255, 255, 0.08);\r\n      border: 1px solid rgba(255, 255, 255, 0.15);\r\n      backdrop-filter: blur(10px);\r\n      transition: transform 0.4s ease;\r\n      height: 100%;\r\n      min-height: 320px;\r\n    }\r\n\r\n    .swiper-slide:hover {\r\n      transform: translateY(-10px);\r\n      box-shadow: 0 0 20px #e91e63;\r\n    }\r\n\r\n    .swiper-slide i {\r\n      color: #943e95;\r\n      margin-bottom: 1rem;\r\n      font-size: 2.5rem;\r\n    }\r\n\r\n    .swiper-slide h3 {\r\n      font-size: 1.2rem;\r\n      margin-bottom: 1rem;\r\n      color: #ffffff;\r\n      text-transform: uppercase;\r\n      letter-spacing: 1px;\r\n    }\r\n\r\n    .swiper-slide p {\r\n      font-size: 0.95rem;\r\n      color: #d0d0d0;\r\n      flex-grow: 1;\r\n      line-height: 1.6;\r\n    }\r\n\r\n    .swiper-button-next,\r\n    .swiper-button-prev {\r\n      color: #fff;\r\n      background-color: rgba(255, 255, 255, 0.12);\r\n      border-radius: 50%;\r\n      padding: 15px;\r\n      top: 50%;\r\n      transform: translateY(-50%);\r\n      box-shadow: 0 0 10px rgba(255,255,255,0.3);\r\n      transition: background-color 0.3s ease;\r\n    }\r\n\r\n    .swiper-button-next:hover,\r\n    .swiper-button-prev:hover {\r\n      background-color: rgba(255, 255, 255, 0.3);\r\n    }\r\n  <\/style><\/head><body><section><!-- Swiper 1 - Top 4 Features --><div class=\"swiper mySwiper1\"><div class=\"swiper-wrapper\"><div class=\"swiper-slide\"><i class=\"fas fa-handshake\"><\/i><h3>EHRLICH. EINFACH. AUTHENTISCH.<\/h3><p>Keine falschen L\u00e4cheln oder leeren Versprechungen. Nur ehrliche Menschen, klare Pl\u00e4ne und echte Ergebnisse, auf die Sie sich immer verlassen k\u00f6nnen.<\/p><\/div><div class=\"swiper-slide\"><i class=\"fas fa-rocket\"><\/i><h3>SEHEN SIE, WAS GEPLANT IST<\/h3><p>Wir verwenden 3D-Visualisierungen und Modelle, damit Sie genau sehen k\u00f6nnen, was geplant ist \u2013 kein R\u00e4tselraten, keine Unklarheiten.<\/p><\/div><div class=\"swiper-slide\"><i class=\"fas fa-wallet\"><\/i><h3>INTELLIGENTES BUDGETIEREN<\/h3><p>Clever durchdachte L\u00f6sungen im Rahmen Ihres Budgets. Keine Kompromisse bei der Qualit\u00e4t. Keine Abk\u00fcrzungen, keine versteckten Kosten.<\/p><\/div><div class=\"swiper-slide\"><i class=\"fas fa-heart\"><\/i><h3>NUR, WORAN WIR GLAUBEN<\/h3><p>Was wir selbst nicht guthei\u00dfen w\u00fcrden, Wir liefern nur Leistungen, von denen wir \u00fcberzeugt sind, dass sie Ihr Event wirklich bereichern.<\/p><\/div><\/div><div class=\"swiper-button-prev swiper-button-prev-1\"><\/div><div class=\"swiper-button-next swiper-button-next-1\"><\/div><\/div><!-- Swiper 2 - Remaining Features --><div class=\"swiper mySwiper2\"><div class=\"swiper-wrapper\"><div class=\"swiper-slide\"><i class=\"fas fa-star\"><\/i><h3>QUALIT\u00c4T HAT IMMER VORRANG<\/h3><p>Wir machen niemals Abstriche bei der Qualit\u00e4t. Jedes Detail z\u00e4hlt \u2013 wir liefern stets zuverl\u00e4ssigen und gleichbleibend hohen Service.<\/p><\/div><div class=\"swiper-slide\"><i class=\"fas fa-lightbulb\"><\/i><h3>KREATIV & MUTIG<\/h3><p>\r\n  Wir denken \u00fcber das Gewohnte hinaus. Frische Ideen und mutiges Denken erm\u00f6glichen uns, wirklich unvergessliche Erlebnisse zu schaffen.<\/p><\/div><div class=\"swiper-slide\"><i class=\"fas fa-shield-alt\"><\/i><h3>SICHERHEIT AN ERSTER STELLE<\/h3><p>Wir gehen niemals Kompromisse bei Ihrer Sicherheit ein. Wenn etwas nicht sicher ist, kommt es nicht in Frage \u2013 ohne Ausnahmen.<\/p><\/div><div class=\"swiper-slide\"><i class=\"fas fa-users\"><\/i><h3>WERT STATT VERKAUF<\/h3><p>Wir dr\u00e4ngen Ihnen nichts auf und f\u00fcgen keine unn\u00f6tigen Kosten hinzu. Wenn es eine kl\u00fcgere, einfachere L\u00f6sung gibt, hat sie immer Vorrang.<\/p><\/div><\/div><div class=\"swiper-button-prev swiper-button-prev-2\"><\/div><div class=\"swiper-button-next swiper-button-next-2\"><\/div><\/div><\/section><!-- Swiper JS --><script src=\"https:\/\/cdn.jsdelivr.net\/npm\/swiper@11\/swiper-bundle.min.js\"><\/script><script>const swiper1 = new Swiper(\".mySwiper1\", {\r\n    slidesPerView: 4,\r\n    spaceBetween: 30,\r\n    loop: true,\r\n    navigation: {\r\n      nextEl: \".swiper-button-next-1\",\r\n      prevEl: \".swiper-button-prev-1\",\r\n    },\r\n    breakpoints: {\r\n      0: { slidesPerView: 1.2 },\r\n      576: { slidesPerView: 1.5 },\r\n      768: { slidesPerView: 2.2 },\r\n      1024: { slidesPerView: 3 },\r\n      1280: { slidesPerView: 4 }\r\n    }\r\n  });\r\n\r\n  const swiper2 = new Swiper(\".mySwiper2\", {\r\n    slidesPerView: 4,\r\n    spaceBetween: 30,\r\n    loop: true,\r\n    navigation: {\r\n      nextEl: \".swiper-button-next-2\",\r\n      prevEl: \".swiper-button-prev-2\",\r\n    },\r\n    breakpoints: {\r\n      0: { slidesPerView: 1.2 },\r\n      576: { slidesPerView: 1.5 },\r\n      768: { slidesPerView: 2.2 },\r\n      1024: { slidesPerView: 3 },\r\n      1280: { slidesPerView: 4 }\r\n    }\r\n  });\r\n<\/script><\/body><\/html>\t\t\t\t<\/div>\n\t\t\t\t\t<\/div>\n\t\t<\/div>\n\t\t\t\t\t<\/div>\n\t\t<\/section>\n\t\t\t\t<section class=\"elementor-section elementor-top-section elementor-element elementor-element-41639595 elementor-section-full_width elementor-section-content-bottom elementor-section-height-default elementor-section-height-default sc_fly_static\" data-id=\"41639595\" data-element_type=\"section\" data-e-type=\"section\">\n\t\t\t\t\t\t<div class=\"elementor-container elementor-column-gap-extended\">\n\t\t\t\t\t<div class=\"elementor-column elementor-col-50 elementor-top-column elementor-element elementor-element-7aa140a3 sc_content_align_inherit sc_layouts_column_icons_position_left sc_fly_static\" data-id=\"7aa140a3\" data-element_type=\"column\" data-e-type=\"column\">\n\t\t\t<div class=\"elementor-widget-wrap elementor-element-populated\">\n\t\t\t\t\t\t<div class=\"elementor-element elementor-element-521230c8 sc_fly_static elementor-widget elementor-widget-trx_sc_title\" data-id=\"521230c8\" data-element_type=\"widget\" data-e-type=\"widget\" data-widget_type=\"trx_sc_title.default\">\n\t\t\t\t<div class=\"elementor-widget-container\">\n\t\t\t\t\t<div\t\tclass=\"sc_title sc_title_default\" ><span class=\"sc_item_subtitle sc_title_subtitle sc_item_subtitle_above sc_item_title_style_default\">Wo jeder Moment in einer anderen Realit\u00e4t existiert<\/span><h2 class=\"sc_item_title sc_title_title sc_item_title_style_default sc_item_title_tag\"\n\t\t\t><span class=\"sc_item_title_text\">Willkommen im Event Multiverse!<\/span><\/h2><\/div>\t\t\t\t<\/div>\n\t\t\t\t<\/div>\n\t\t\t\t<div class=\"elementor-element elementor-element-809561e sc_fly_static elementor-widget elementor-widget-text-editor\" data-id=\"809561e\" data-element_type=\"widget\" data-e-type=\"widget\" data-widget_type=\"text-editor.default\">\n\t\t\t\t\t\t\t\t\t<p>Event Multiverse was born not from ambition alone, but from a quiet realization: something was missing.<\/p><p>After decades of working across countless events, mastering every technical detail, and delivering what many might call \u201csuccess,\u201d we still felt there was something more \u2014 something deeper and more meaningful to pursue.<\/p><p>It wasn\u2019t about doing more events. It was about doing them right.<\/p><p>We founded Event Multiverse with one core belief:<br \/>Only offer what we truly believe in.<br \/>Not what\u2019s easiest to sell. Not what brings in the biggest profit. Only the kind of service we would proudly choose for ourselves.<\/p><p>Over the years, we\u2019ve seen how others sometimes take shortcuts \u2014 sacrificing quality, inflating promises, and relying on flashy words instead of solid results. That\u2019s not our way.<br \/>We don\u2019t chase trends or hype \u2014 we build trust.<\/p>\t\t\t\t\t\t\t\t<\/div>\n\t\t\t\t<div class=\"elementor-element elementor-element-375c68ef sc_fly_static elementor-widget elementor-widget-spacer\" data-id=\"375c68ef\" data-element_type=\"widget\" data-e-type=\"widget\" data-widget_type=\"spacer.default\">\n\t\t\t\t\t\t\t<div class=\"elementor-spacer\">\n\t\t\t<div class=\"elementor-spacer-inner\"><\/div>\n\t\t<\/div>\n\t\t\t\t\t\t<\/div>\n\t\t\t\t\t<\/div>\n\t\t<\/div>\n\t\t\t\t<div class=\"elementor-column elementor-col-50 elementor-top-column elementor-element elementor-element-3bdad3af sc_column_fixed sc_content_align_inherit sc_layouts_column_icons_position_left sc_fly_static\" data-id=\"3bdad3af\" data-element_type=\"column\" data-e-type=\"column\">\n\t\t\t<div class=\"elementor-widget-wrap elementor-element-populated\">\n\t\t\t\t\t\t<div class=\"elementor-element elementor-element-12f21da2 no-title sc_fly_static elementor-widget elementor-widget-image\" data-id=\"12f21da2\" data-element_type=\"widget\" data-e-type=\"widget\" data-widget_type=\"image.default\">\n\t\t\t\t\t\t\t\t\t\t\t\t\t\t\t<img fetchpriority=\"high\" decoding=\"async\" width=\"800\" height=\"1000\" src=\"https:\/\/eventmultiverse.com\/wp-content\/uploads\/2025\/07\/eventmultiverse-about.webp\" class=\"attachment-full size-full wp-image-25402\" alt=\"Professional stage lighting and live event production for corporate entertainment event in Turkey\" srcset=\"https:\/\/eventmultiverse.com\/wp-content\/uploads\/2025\/07\/eventmultiverse-about.webp 800w, https:\/\/eventmultiverse.com\/wp-content\/uploads\/2025\/07\/eventmultiverse-about-240x300.webp 240w, https:\/\/eventmultiverse.com\/wp-content\/uploads\/2025\/07\/eventmultiverse-about-768x960.webp 768w, https:\/\/eventmultiverse.com\/wp-content\/uploads\/2025\/07\/eventmultiverse-about-370x463.webp 370w, https:\/\/eventmultiverse.com\/wp-content\/uploads\/2025\/07\/eventmultiverse-about-410x513.webp 410w\" sizes=\"(max-width: 800px) 100vw, 800px\" \/>\t\t\t\t\t\t\t\t\t\t\t\t\t\t\t<\/div>\n\t\t\t\t\t<\/div>\n\t\t<\/div>\n\t\t\t\t\t<\/div>\n\t\t<\/section>\n\t\t\t\t<section class=\"elementor-section elementor-top-section elementor-element elementor-element-7824abe elementor-section-boxed elementor-section-height-default elementor-section-height-default sc_fly_static\" data-id=\"7824abe\" data-element_type=\"section\" data-e-type=\"section\">\n\t\t\t\t\t\t<div class=\"elementor-container elementor-column-gap-extended\">\n\t\t\t\t\t<div class=\"elementor-column elementor-col-100 elementor-top-column elementor-element elementor-element-1b80f57 sc_content_align_inherit sc_layouts_column_icons_position_left sc_fly_static\" data-id=\"1b80f57\" data-element_type=\"column\" data-e-type=\"column\">\n\t\t\t<div class=\"elementor-widget-wrap\">\n\t\t\t\t\t\t\t<\/div>\n\t\t<\/div>\n\t\t\t\t\t<\/div>\n\t\t<\/section>\n\t\t\t\t<section class=\"trx_addons_has_bg_text elementor-section elementor-top-section elementor-element elementor-element-5f52ffd0 elementor-section-full_width elementor-section-height-default elementor-section-height-default sc_fly_static\" data-bg-text=\"{&quot;bg_text&quot;:&quot;Wir sind aus dem Stoff, aus dem Tr\\u00e4ume gemacht sind. Und wir verwandeln diese Tr\\u00e4ume in reale Ereignisse. &quot;,&quot;bg_text_effect&quot;:&quot;none&quot;,&quot;bg_text_overlay&quot;:{&quot;url&quot;:&quot;&quot;,&quot;id&quot;:&quot;&quot;,&quot;size&quot;:&quot;&quot;},&quot;bg_text_left&quot;:{&quot;unit&quot;:&quot;%&quot;,&quot;size&quot;:&quot;&quot;,&quot;sizes&quot;:[]},&quot;bg_text_top&quot;:{&quot;unit&quot;:&quot;px&quot;,&quot;size&quot;:&quot;&quot;,&quot;sizes&quot;:[]},&quot;bg_text_z_index&quot;:{&quot;unit&quot;:&quot;px&quot;,&quot;size&quot;:&quot;&quot;,&quot;sizes&quot;:[]},&quot;bg_text_marquee&quot;:{&quot;unit&quot;:&quot;px&quot;,&quot;size&quot;:11,&quot;sizes&quot;:[]},&quot;bg_text_marquee_hover&quot;:&quot;&quot;,&quot;bg_text_marquee_margin&quot;:{&quot;unit&quot;:&quot;px&quot;,&quot;size&quot;:0,&quot;sizes&quot;:[]},&quot;bg_text_reverse&quot;:0,&quot;bg_text_accelerate&quot;:0,&quot;bg_text_delimiter_icon&quot;:&quot;&quot;,&quot;bg_text_delimiter_image&quot;:&quot;https:\\\/\\\/aqua-koala-644235.hostingersite.com\\\/wp-content\\\/uploads\\\/2023\\\/11\\\/go-for-bg-text.svg&quot;,&quot;bg_text_delimiter_svg&quot;:&quot;&quot;,&quot;bg_text_delimiter_rotation&quot;:1}\" data-id=\"5f52ffd0\" data-element_type=\"section\" data-e-type=\"section\">\n\t\t\t\t\t\t<div class=\"elementor-container elementor-column-gap-extended\">\n\t\t\t\t\t<div class=\"elementor-column elementor-col-100 elementor-top-column elementor-element elementor-element-209802d sc_content_align_inherit sc_layouts_column_icons_position_left sc_fly_static\" data-id=\"209802d\" data-element_type=\"column\" data-e-type=\"column\">\n\t\t\t<div class=\"elementor-widget-wrap\">\n\t\t\t\t\t\t\t<\/div>\n\t\t<\/div>\n\t\t\t\t\t<\/div>\n\t\t<\/section>\n\t\t\t\t<section class=\"elementor-section elementor-top-section elementor-element elementor-element-50f9b26 elementor-section-boxed elementor-section-height-default elementor-section-height-default sc_fly_static\" data-id=\"50f9b26\" data-element_type=\"section\" data-e-type=\"section\">\n\t\t\t\t\t\t<div class=\"elementor-container elementor-column-gap-extended\">\n\t\t\t\t\t<div class=\"elementor-column elementor-col-50 elementor-top-column elementor-element elementor-element-95e229b sc_content_align_inherit sc_layouts_column_icons_position_left sc_fly_static\" data-id=\"95e229b\" data-element_type=\"column\" data-e-type=\"column\">\n\t\t\t<div class=\"elementor-widget-wrap elementor-element-populated\">\n\t\t\t\t\t\t<div class=\"elementor-element elementor-element-5da041e sc_fly_static elementor-widget elementor-widget-trx_sc_title\" data-id=\"5da041e\" data-element_type=\"widget\" data-e-type=\"widget\" data-widget_type=\"trx_sc_title.default\">\n\t\t\t\t<div class=\"elementor-widget-container\">\n\t\t\t\t\t<div\t\tclass=\"sc_title sc_title_default\" ><span class=\"sc_item_subtitle sc_title_subtitle sc_item_subtitle_above sc_item_title_style_default\">Kontaktieren Sie Uns<\/span><h2 class=\"sc_item_title sc_title_title sc_item_title_style_default sc_item_title_tag\"\n\t\t\t><span class=\"sc_item_title_text\">Haben Sie Fragen? Schreiben Sie uns! <\/span><\/h2><div class=\"sc_item_descr sc_title_descr\"><p>Lassen Sie uns in der gemeinsamen Sprache der Eventbranche kommunizieren \u2013 auf Englisch, damit alles reibungslos und schnell abl\u00e4uft.<\/p>\n<\/div><\/div>\t\t\t\t<\/div>\n\t\t\t\t<\/div>\n\t\t\t\t<div class=\"elementor-element elementor-element-a8b5f35 sc_fly_static elementor-widget elementor-widget-spacer\" data-id=\"a8b5f35\" data-element_type=\"widget\" data-e-type=\"widget\" data-widget_type=\"spacer.default\">\n\t\t\t\t\t\t\t<div class=\"elementor-spacer\">\n\t\t\t<div class=\"elementor-spacer-inner\"><\/div>\n\t\t<\/div>\n\t\t\t\t\t\t<\/div>\n\t\t\t\t<div class=\"elementor-element elementor-element-8c36e0c sc_fly_static elementor-widget elementor-widget-trx_sc_icons\" data-id=\"8c36e0c\" data-element_type=\"widget\" data-e-type=\"widget\" data-widget_type=\"trx_sc_icons.default\">\n\t\t\t\t<div class=\"elementor-widget-container\">\n\t\t\t\t\t<div \tclass=\"sc_icons sc_icons_simple sc_icons_size_small sc_align_none\" ><div class=\"sc_icons_item with_more\"><div class=\"sc_icons_icon sc_icon_type_ icon-marker\" ><span class=\"sc_icon_type_ icon-marker\"><\/span><\/div><div class=\"sc_icons_item_details\"><div class=\"sc_icons_item_description\"><span>Fener Mahallesi 1970. Sokak No:21\/3 <\/span><span><\/span><span>Muratpa\u015fa \/ Antalya, Turkey<\/span><\/div><\/div><\/div><div class=\"sc_icons_item sc_icons_item_linked with_more\"><div class=\"sc_icons_icon sc_icon_type_ icon-whatsapp\" ><span class=\"sc_icon_type_ icon-whatsapp\"><\/span><\/div><div class=\"sc_icons_item_details\"><a href=\"https:\/\/wa.me\/905421535282\" class=\"sc_icons_item_more_link\" target=\"_blank\" rel=\"noopener\">\n                        <span class=\"link_text\">+90 542 153 5282<\/span><span class=\"link_icon\"><\/span>\n                        <\/a><a href=\"https:\/\/wa.me\/905421535282\" class=\"sc_icons_item_link\" target=\"_blank\" rel=\"noopener\">\n                        <\/a><\/div><\/div><div class=\"sc_icons_item sc_icons_item_linked\"><div class=\"sc_icons_icon sc_icon_type_ icon-envelope-2\" ><span class=\"sc_icon_type_ icon-envelope-2\"><\/span><\/div><div class=\"sc_icons_item_details\"><div class=\"sc_icons_item_description\"><span>enter@eventmultiverse.com<\/span><\/div><a href=\"mailto:enter@eventmultiverse.com\"\n                        class=\"sc_icons_item_link\">\n                        <\/a><\/div><\/div><\/div><!-- \/.sc_icons -->\t\t\t\t<\/div>\n\t\t\t\t<\/div>\n\t\t\t\t\t<\/div>\n\t\t<\/div>\n\t\t\t\t<div class=\"elementor-column elementor-col-50 elementor-top-column elementor-element elementor-element-f4ce639 sc_content_align_inherit sc_layouts_column_icons_position_left sc_fly_static\" data-id=\"f4ce639\" data-element_type=\"column\" data-e-type=\"column\">\n\t\t\t<div class=\"elementor-widget-wrap elementor-element-populated\">\n\t\t\t\t\t\t<div class=\"elementor-element elementor-element-0f08b1a sc_fly_static elementor-widget elementor-widget-spacer\" data-id=\"0f08b1a\" data-element_type=\"widget\" data-e-type=\"widget\" data-widget_type=\"spacer.default\">\n\t\t\t\t\t\t\t<div class=\"elementor-spacer\">\n\t\t\t<div class=\"elementor-spacer-inner\"><\/div>\n\t\t<\/div>\n\t\t\t\t\t\t<\/div>\n\t\t\t\t<div class=\"elementor-element elementor-element-eee9ed2 sc_fly_static elementor-widget elementor-widget-trx_sc_contact_form_7\" data-id=\"eee9ed2\" data-element_type=\"widget\" data-e-type=\"widget\" data-widget_type=\"trx_sc_contact_form_7.default\">\n\t\t\t\t<div class=\"elementor-widget-container\">\n\t\t\t\t\t\n<div class=\"wpcf7 no-js\" id=\"wpcf7-f25911-o1\" lang=\"en-US\" dir=\"ltr\" data-wpcf7-id=\"25911\">\n<div class=\"screen-reader-response\"><p role=\"status\" aria-live=\"polite\" aria-atomic=\"true\"><\/p> <ul><\/ul><\/div>\n<form action=\"\/de\/wp-json\/wp\/v2\/pages\/25918#wpcf7-f25911-o1\" method=\"post\" class=\"wpcf7-form init\" aria-label=\"Contact form\" novalidate=\"novalidate\" data-status=\"init\">\n<fieldset class=\"hidden-fields-container\"><input type=\"hidden\" name=\"_wpcf7\" value=\"25911\" \/><input type=\"hidden\" name=\"_wpcf7_version\" value=\"6.1.5\" \/><input type=\"hidden\" name=\"_wpcf7_locale\" value=\"en_US\" \/><input type=\"hidden\" name=\"_wpcf7_unit_tag\" value=\"wpcf7-f25911-o1\" \/><input type=\"hidden\" name=\"_wpcf7_container_post\" value=\"0\" \/><input type=\"hidden\" name=\"_wpcf7_posted_data_hash\" value=\"\" \/>\n<\/fieldset>\n<style>.wpcf7-list-item{display:inline-flex;align-items:center;gap:6px;}.wpcf7-list-item+a{vertical-align:middle;}\n<\/style>\n<div class=\"form-style-1\">\n\t<div class=\"columns_wrap\">\n\t\t<div class=\"column-1_2\">\n\t\t\t<p><span class=\"style-line icon-name\"><span class=\"wpcf7-form-control-wrap\" data-name=\"your-name\"><input size=\"40\" maxlength=\"400\" class=\"wpcf7-form-control wpcf7-text wpcf7-validates-as-required\" aria-required=\"true\" aria-invalid=\"false\" placeholder=\"Name\" value=\"\" type=\"text\" name=\"your-name\" \/><\/span><\/span>\n\t\t\t<\/p>\n\t\t<\/div>\n\t\t<div class=\"column-1_2\">\n\t\t\t<p><span class=\"style-line icon-email\"><span class=\"wpcf7-form-control-wrap\" data-name=\"your-email\"><input size=\"40\" maxlength=\"400\" class=\"wpcf7-form-control wpcf7-email wpcf7-validates-as-required wpcf7-text wpcf7-validates-as-email\" aria-required=\"true\" aria-invalid=\"false\" placeholder=\"E-Mail-Adresse\" value=\"\" type=\"email\" name=\"your-email\" \/><\/span><\/span>\n\t\t\t<\/p>\n\t\t<\/div>\n\t<\/div>\n\t<div class=\"columns_wrap\">\n\t\t<div class=\"column-1_2\">\n\t\t\t<p><span class=\"style-line icon-phone\"><span class=\"wpcf7-form-control-wrap\" data-name=\"phone\"><input size=\"40\" maxlength=\"400\" class=\"wpcf7-form-control wpcf7-tel wpcf7-validates-as-required wpcf7-text wpcf7-validates-as-tel\" aria-required=\"true\" aria-invalid=\"false\" placeholder=\"Telefonnummer\" value=\"\" type=\"tel\" name=\"phone\" \/><\/span><\/span>\n\t\t\t<\/p>\n\t\t<\/div>\n\t\t<div class=\"column-1_2\">\n\t\t\t<p><span class=\"style-line icon-subject\"><span class=\"wpcf7-form-control-wrap\" data-name=\"subject\"><input size=\"40\" maxlength=\"400\" class=\"wpcf7-form-control wpcf7-text wpcf7-validates-as-required\" aria-required=\"true\" aria-invalid=\"false\" placeholder=\"Betreff\" value=\"\" type=\"text\" name=\"subject\" \/><\/span><\/span>\n\t\t\t<\/p>\n\t\t<\/div>\n\t<\/div>\n\t<div class=\"columns_wrap margin-bottom\">\n\t\t<div class=\"column-1_1\">\n\t\t\t<p><span class=\"style-line icon-textarea\"><span class=\"wpcf7-form-control-wrap\" data-name=\"your-message\"><textarea cols=\"40\" rows=\"10\" maxlength=\"2000\" class=\"wpcf7-form-control wpcf7-textarea wpcf7-validates-as-required\" aria-required=\"true\" aria-invalid=\"false\" placeholder=\"Wie k\u00f6nnen wir Ihnen helfen? Kontaktieren Sie uns gerne!\" name=\"your-message\"><\/textarea><\/span><\/span>\n\t\t\t<\/p>\n\t\t<\/div>\n\t<\/div>\n\t<p>Ich habe die <a href=\"https:\/\/eventmultiverse.com\/de\/datenschutzrichtlinie\/\" target=\"_blank\">Datenschutzrichtlinie<\/a> gelesen und akzeptiere sie. <span class=\"wpcf7-form-control-wrap\" data-name=\"privacy-check\"><span class=\"wpcf7-form-control wpcf7-checkbox wpcf7-validates-as-required\"><span class=\"wpcf7-list-item first last\"><label><input type=\"checkbox\" name=\"privacy-check[]\" value=\"\u2713\" \/><span class=\"wpcf7-list-item-label\">\u2713<\/span><\/label><\/span><\/span><\/span><br \/>\n<input class=\"wpcf7-form-control wpcf7-submit has-spinner\" type=\"submit\" value=\"Kontaktieren Sie uns\" \/>\n\t<\/p>\n<\/div><div class=\"wpcf7-response-output\" aria-hidden=\"true\"><\/div>\n<\/form>\n<\/div>\n\t\t\t\t<\/div>\n\t\t\t\t<\/div>\n\t\t\t\t\t<\/div>\n\t\t<\/div>\n\t\t\t\t\t<\/div>\n\t\t<\/section>\n\t\t\t\t<\/div>\n\t\t","protected":false},"excerpt":{"rendered":"<p>Wer sind wir? WAS UNS AUSZEICHNET Wir liefern nicht einfach nur Veranstaltungen \u2013 wir folgen einem klaren Wertekompass, der jede unserer Entscheidungen leitet. Event Multiverse Carousel EHRLICH. EINFACH. AUTHENTISCH. Keine&hellip;<\/p>\n","protected":false},"author":3,"featured_media":0,"parent":0,"menu_order":0,"comment_status":"closed","ping_status":"closed","template":"","meta":{"footnotes":""},"class_list":["post-25918","page","type-page","status-publish","hentry"],"_links":{"self":[{"href":"https:\/\/eventmultiverse.com\/de\/wp-json\/wp\/v2\/pages\/25918","targetHints":{"allow":["GET"]}}],"collection":[{"href":"https:\/\/eventmultiverse.com\/de\/wp-json\/wp\/v2\/pages"}],"about":[{"href":"https:\/\/eventmultiverse.com\/de\/wp-json\/wp\/v2\/types\/page"}],"author":[{"embeddable":true,"href":"https:\/\/eventmultiverse.com\/de\/wp-json\/wp\/v2\/users\/3"}],"replies":[{"embeddable":true,"href":"https:\/\/eventmultiverse.com\/de\/wp-json\/wp\/v2\/comments?post=25918"}],"version-history":[{"count":8,"href":"https:\/\/eventmultiverse.com\/de\/wp-json\/wp\/v2\/pages\/25918\/revisions"}],"predecessor-version":[{"id":25926,"href":"https:\/\/eventmultiverse.com\/de\/wp-json\/wp\/v2\/pages\/25918\/revisions\/25926"}],"wp:attachment":[{"href":"https:\/\/eventmultiverse.com\/de\/wp-json\/wp\/v2\/media?parent=25918"}],"curies":[{"name":"wp","href":"https:\/\/api.w.org\/{rel}","templated":true}]}}